{"id":3409,"date":"2024-02-02T11:24:35","date_gmt":"2024-02-02T10:24:35","guid":{"rendered":"https:\/\/ooubrakamiladinovci.edu.mk\/tr\/?page_id=3409"},"modified":"2024-06-27T16:59:56","modified_gmt":"2024-06-27T14:59:56","slug":"cerezler","status":"publish","type":"page","link":"https:\/\/ooubrakamiladinovci.edu.mk\/tr\/cerezler\/","title":{"rendered":"\u00c7erezlerin kullan\u0131m\u0131na ili\u015fkin politika"},"content":{"rendered":"\t\t<div data-elementor-type=\"wp-page\" data-elementor-id=\"3409\" class=\"elementor elementor-3409\" data-elementor-post-type=\"page\">\n\t\t\t\t\t\t<section class=\"elementor-section elementor-top-section elementor-element elementor-element-ff26bd1 elementor-section-height-min-height elementor-section-boxed elementor-section-height-default elementor-section-items-middle\" data-id=\"ff26bd1\" data-element_type=\"section\" data-settings=\"{&quot;background_background&quot;:&quot;classic&quot;}\">\n\t\t\t\t\t\t\t<div class=\"elementor-background-overlay\"><\/div>\n\t\t\t\t\t\t\t<div class=\"elementor-container elementor-column-gap-default\">\n\t\t\t\t\t<div class=\"elementor-column elementor-col-100 elementor-top-column elementor-element elementor-element-e72937e\" data-id=\"e72937e\" data-element_type=\"column\">\n\t\t\t<div class=\"elementor-widget-wrap elementor-element-populated\">\n\t\t\t\t\t\t<div class=\"elementor-element elementor-element-57a73e1 elementor-widget elementor-widget-heading\" data-id=\"57a73e1\" data-element_type=\"widget\" data-widget_type=\"heading.default\">\n\t\t\t\t<div class=\"elementor-widget-container\">\n\t\t\t<style>\/*! elementor - v3.21.0 - 26-05-2024 *\/\n.elementor-heading-title{padding:0;margin:0;line-height:1}.elementor-widget-heading .elementor-heading-title[class*=elementor-size-]>a{color:inherit;font-size:inherit;line-height:inherit}.elementor-widget-heading .elementor-heading-title.elementor-size-small{font-size:15px}.elementor-widget-heading .elementor-heading-title.elementor-size-medium{font-size:19px}.elementor-widget-heading .elementor-heading-title.elementor-size-large{font-size:29px}.elementor-widget-heading .elementor-heading-title.elementor-size-xl{font-size:39px}.elementor-widget-heading .elementor-heading-title.elementor-size-xxl{font-size:59px}<\/style><h2 class=\"elementor-heading-title elementor-size-default\">\u00c7erezlerin kullan\u0131m\u0131na ili\u015fkin politika<\/h2>\t\t<\/div>\n\t\t\t\t<\/div>\n\t\t\t\t<div class=\"elementor-element elementor-element-4178814 elementor-align-center elementor-widget elementor-widget-breadcrumbs\" data-id=\"4178814\" data-element_type=\"widget\" data-widget_type=\"breadcrumbs.default\">\n\t\t\t\t<div class=\"elementor-widget-container\">\n\t\t\t<link rel=\"stylesheet\" href=\"https:\/\/ooubrakamiladinovci.edu.mk\/tr\/wp-content\/plugins\/elementor-pro\/assets\/css\/widget-theme-elements.min.css\"><p id=\"breadcrumbs\"><span><span><a href=\"https:\/\/ooubrakamiladinovci.edu.mk\/tr\/\">Ba\u015flang\u0131\u00e7<\/a><\/span><\/span><\/p>\t\t<\/div>\n\t\t\t\t<\/div>\n\t\t\t\t\t<\/div>\n\t\t<\/div>\n\t\t\t\t\t<\/div>\n\t\t<\/section>\n\t\t\t\t<section class=\"elementor-section elementor-top-section elementor-element elementor-element-b2b5e89 elementor-section-boxed elementor-section-height-default elementor-section-height-default\" data-id=\"b2b5e89\" data-element_type=\"section\">\n\t\t\t\t\t\t<div class=\"elementor-container elementor-column-gap-default\">\n\t\t\t\t\t<div class=\"elementor-column elementor-col-100 elementor-top-column elementor-element elementor-element-a96354d\" data-id=\"a96354d\" data-element_type=\"column\">\n\t\t\t<div class=\"elementor-widget-wrap elementor-element-populated\">\n\t\t\t\t\t\t<div class=\"elementor-element elementor-element-6251f41 elementor-widget elementor-widget-heading\" data-id=\"6251f41\" data-element_type=\"widget\" data-widget_type=\"heading.default\">\n\t\t\t\t<div class=\"elementor-widget-container\">\n\t\t\t<h2 class=\"elementor-heading-title elementor-size-default\">\u00c7erezlerin kullan\u0131m\u0131na ili\u015fkin politika<\/h2>\t\t<\/div>\n\t\t\t\t<\/div>\n\t\t\t\t<div class=\"elementor-element elementor-element-2c55fcd elementor-widget elementor-widget-text-editor\" data-id=\"2c55fcd\" data-element_type=\"widget\" data-widget_type=\"text-editor.default\">\n\t\t\t\t<div class=\"elementor-widget-container\">\n\t\t\t<style>\/*! elementor - v3.21.0 - 26-05-2024 *\/\n.elementor-widget-text-editor.elementor-drop-cap-view-stacked .elementor-drop-cap{background-color:#69727d;color:#fff}.elementor-widget-text-editor.elementor-drop-cap-view-framed .elementor-drop-cap{color:#69727d;border:3px solid;background-color:transparent}.elementor-widget-text-editor:not(.elementor-drop-cap-view-default) .elementor-drop-cap{margin-top:8px}.elementor-widget-text-editor:not(.elementor-drop-cap-view-default) .elementor-drop-cap-letter{width:1em;height:1em}.elementor-widget-text-editor .elementor-drop-cap{float:left;text-align:center;line-height:1;font-size:50px}.elementor-widget-text-editor .elementor-drop-cap-letter{display:inline-block}<\/style>\t\t\t\t<div><div role=\"main\"><article><div><strong>Bu \u00e7erez politikas\u0131, \u00e7erezlerin ne oldu\u011funu ve bunlar\u0131 nas\u0131l kulland\u0131\u011f\u0131m\u0131z\u0131, kulland\u0131\u011f\u0131m\u0131z \u00e7erez t\u00fcrlerini, \u00e7erezleri kullanarak toplad\u0131\u011f\u0131m\u0131z bilgileri ve bu bilgilerin nas\u0131l kullan\u0131ld\u0131\u011f\u0131n\u0131 ve \u00e7erez tercihlerinizi nas\u0131l kontrol edebilece\u011finizi a\u00e7\u0131klamaktad\u0131r.<\/strong><\/div><div>\u00a0<\/div><div>Ki\u015fisel verilerinizi nas\u0131l kulland\u0131\u011f\u0131m\u0131z ve saklad\u0131\u011f\u0131m\u0131z hakk\u0131nda daha fazla bilgi i\u00e7in Gizlilik Politikam\u0131za bak\u0131n. Web sitemizdeki \u00c7erez Beyan\u0131na verdi\u011finiz onay\u0131 istedi\u011finiz zaman de\u011fi\u015ftirebilir veya geri \u00e7ekebilirsiniz. Kim oldu\u011fumuz, bizimle nas\u0131l ileti\u015fime ge\u00e7ebilece\u011finiz ve ki\u015fisel verileri nas\u0131l i\u015fledi\u011fimiz hakk\u0131nda daha fazla bilgiyi <a href=\"http:\/\/ooubrakamiladinovci.edu.mk\/kolicnja\">Gizlilik Politikam\u0131zdan<\/a> \u00f6\u011frenebilirsiniz. Onay\u0131n\u0131z a\u015fa\u011f\u0131daki alan adlar\u0131 i\u00e7in ge\u00e7erlidir: ooubrakamiladinovci.edu.mk<\/div><div><span style=\"color: var( --e-global-color-text ); background-color: var(--ast-global-color-5); font-weight: inherit;\">\u00a0<\/span><\/div><h3>\u00c7erezler nedir?<\/h3><div><p>\u00c7erezler, ziyaret etti\u011finiz web sayfalar\u0131 taraf\u0131ndan bilgisayar\u0131n\u0131za veya cep telefonunuza yerle\u015ftirilen k\u00fc\u00e7\u00fck metin dosyalar\u0131d\u0131r. Bu metin dosyalar\u0131 ziyaret etti\u011finiz web sayfalar\u0131 taraf\u0131ndan okunabilir ve web sayfas\u0131n\u0131 tekrar a\u00e7t\u0131\u011f\u0131n\u0131zda kimli\u011finizin belirlenmesine yard\u0131mc\u0131 olabilir. Bu metin dosyalar\u0131 &#8220;kal\u0131c\u0131&#8221; veya &#8220;ge\u00e7ici&#8221; olabilir.<\/p><p>Kal\u0131c\u0131 \u00e7erezler, taray\u0131c\u0131y\u0131 kapatt\u0131\u011f\u0131n\u0131zda (\u00e7evrimd\u0131\u015f\u0131 oldu\u011funuzda) bile bilgisayar\u0131n\u0131zda kal\u0131r, ge\u00e7ici \u00e7erezler ise internet taray\u0131c\u0131n\u0131z\u0131 kapatt\u0131\u011f\u0131n\u0131z anda silinir. \u00c7erezler, faaliyetlerinizi ve tercihlerinizi (eklenenler, dil tercihleri, yaz\u0131 tipi boyutu veya sayfan\u0131n size nas\u0131l g\u00f6r\u00fcnt\u00fclendi\u011fi) hat\u0131rlamak, web sitesinde ki\u015fiselle\u015ftirilmi\u015f\/\u00f6zelle\u015ftirilmi\u015f i\u00e7erik sa\u011flamak ve sitenin gezinme ge\u00e7mi\u015fini g\u00f6r\u00fcnt\u00fclemek gibi \u00e7e\u015fitli ama\u00e7lar i\u00e7in kullan\u0131l\u0131r.\u00a0<\/p><\/div><div>\u00a0<\/div><h3>\u00c7erezleri neden kullan\u0131yoruz?<\/h3><div><p>\u00c7o\u011fu \u00e7evrimi\u00e7i hizmet gibi, web sitemiz de \u00e7e\u015fitli ama\u00e7larla birinci ve \u00fc\u00e7\u00fcnc\u00fc taraf \u00e7erezlerini kullan\u0131r. Birinci taraf \u00e7erezler \u00e7o\u011funlukla web sitesinin d\u00fczg\u00fcn \u00e7al\u0131\u015fmas\u0131 i\u00e7in gereklidir ve hi\u00e7bir ki\u015fisel verinizi toplamazlar.<\/p><p>Web sitemizde kullan\u0131lan \u00fc\u00e7\u00fcnc\u00fc taraf \u00e7erezleri temel olarak web sitesinin nas\u0131l \u00e7al\u0131\u015ft\u0131\u011f\u0131n\u0131, web sitemizle nas\u0131l etkile\u015fim kurdu\u011funuzu anlamak, hizmetlerimizi g\u00fcvende tutmak, sizinle alakal\u0131 reklamlar sunmak ve size daha iyi ve geli\u015fmi\u015f bir kullan\u0131c\u0131 deneyimi sa\u011flamak ve h\u0131z\u0131n\u0131z\u0131 art\u0131rmaya yard\u0131mc\u0131 olmak i\u00e7indir. Web sitemizle gelecekteki etkile\u015fimleriniz.<\/p><p>Bu web sitesinde \u00e7erezleri a\u015fa\u011f\u0131daki nedenlerle kullan\u0131yoruz: Web sitesinin teknik i\u015fleyi\u015fi i\u00e7in; Toplu ve anonim istatistiksel verilerin toplanmas\u0131 i\u00e7in; Sayfan\u0131n nas\u0131l g\u00f6r\u00fcnt\u00fclenece\u011fine ili\u015fkin tercihlerinizi (ekran parametrelerine ili\u015fkin tercihler) hat\u0131rlamak i\u00e7in; \u00f6rne\u011fin yaz\u0131 tipinin renginin veya boyutunun kontrast\u0131; Bu web sitesindeki \u00e7erez kullan\u0131m\u0131m\u0131z\u0131 kabul edip etmedi\u011finizi (veya onaylamad\u0131\u011f\u0131n\u0131z\u0131) hat\u0131rlamak\/hat\u0131rlamak i\u00e7in.<\/p><p>Web sitemizi ziyaret etti\u011finizde, araman\u0131zdan IP adresiniz, web sitemizin hangi i\u00e7eri\u011fini ziyaret etti\u011finiz, ne zaman ziyaret etti\u011finiz ve hangi web sitesinden y\u00f6nlendirildi\u011finiz gibi baz\u0131 veriler toplayabiliriz.<\/p><p>Web sitemizi ziyaret etti\u011finizde, eri\u015fim ve ziyaret\u00e7i davran\u0131\u015f\u0131n\u0131n ayr\u0131nt\u0131lar\u0131 hakk\u0131nda standart bilgiler toplamak i\u00e7in \u00fc\u00e7\u00fcnc\u00fc taraf hizmeti Google Analytics&#8217;i kullan\u0131yoruz, ancak bu, kimsenin kimli\u011finin belirlenmesine izin vermeyecek ve Google&#8217;\u0131n kimli\u011fi if\u015fa etmesine izin vermeyecek \u015fekilde sitemizi ziyaret edenlerden.<\/p><p>Sitemize yorum b\u0131rak\u0131rsan\u0131z ad\u0131n\u0131z\u0131, e-posta adresinizi ve web sitenizi \u00e7erezlere kaydetmeyi se\u00e7ebilirsiniz. Bunlar size kolayl\u0131k sa\u011flamak i\u00e7indir, b\u00f6ylece ba\u015fka bir yorum b\u0131rakt\u0131\u011f\u0131n\u0131zda bilgilerinizi tekrar doldurman\u0131za gerek kalmaz. Bu \u00e7erezler bir y\u0131l boyunca dayan\u0131r.<\/p><p>Giri\u015f sayfam\u0131z\u0131 ziyaret ederseniz, taray\u0131c\u0131n\u0131z\u0131n \u00e7erezleri kabul edip etmedi\u011fini belirlemek i\u00e7in ge\u00e7ici bir \u00e7erez yerle\u015ftirece\u011fiz. Bu \u00e7erez hi\u00e7bir ki\u015fisel veri i\u00e7ermez ve taray\u0131c\u0131n\u0131z\u0131 kapatt\u0131\u011f\u0131n\u0131zda at\u0131l\u0131r.<\/p><p>Giri\u015f yapt\u0131\u011f\u0131n\u0131zda, giri\u015f bilgilerinizi ve ekran se\u00e7imlerinizi kaydetmek i\u00e7in baz\u0131 \u00e7erezler de ayarlayaca\u011f\u0131z. Oturum a\u00e7ma \u00e7erezleri iki g\u00fcn s\u00fcreyle, g\u00f6r\u00fcnt\u00fcleme se\u00e7enekleri \u00e7erezleri ise bir y\u0131l s\u00fcreyle dayan\u0131r. &#8220;Beni hat\u0131rla&#8221;y\u0131 se\u00e7erseniz giri\u015finiz iki hafta boyunca ge\u00e7erli olacakt\u0131r. Hesab\u0131n\u0131zdan \u00e7\u0131k\u0131\u015f yaparsan\u0131z giri\u015f \u00e7erezleri kald\u0131r\u0131lacakt\u0131r.<\/p><p>Bir makaleyi d\u00fczenler veya yay\u0131nlarsan\u0131z taray\u0131c\u0131n\u0131zda ek bir \u00e7erez depolan\u0131r. Bu \u00e7erez ki\u015fisel verileri i\u00e7ermez ve yaln\u0131zca az \u00f6nce d\u00fczenledi\u011finiz makalenin g\u00f6nderi kimli\u011fini g\u00f6sterir. 1 g\u00fcn sonra sona erer.<\/p><\/div><h3>Ne t\u00fcr \u00e7erezler kullan\u0131yoruz?<\/h3><div>Kullan\u0131c\u0131n\u0131n durumunu korumak i\u00e7in, kullan\u0131c\u0131 taray\u0131c\u0131y\u0131 kapatt\u0131\u011f\u0131nda aramay\u0131\/oturumu hat\u0131rlayan kal\u0131c\u0131 \u00e7erezler kullan\u0131r\u0131z.<\/div><div>\u00a0<\/div><h3>\u00c7erezleri silebilir veya kontrol edebilir misiniz?<\/h3><div><p>\u00c7erezlere ili\u015fkin bilgiler ki\u015fisel tan\u0131mlaman\u0131z i\u00e7in kullan\u0131lmaz. Bu \u00e7erezlerin kabul edilmesi web sitesinin \u00e7al\u0131\u015fmas\u0131 i\u00e7in gerekli de\u011fildir ancak size daha iyi bir gezinme deneyimi sa\u011flayacakt\u0131r.<\/p><p><br \/>Bu \u00e7erezleri istiyorsan\u0131z, onlar\u0131 silebilir veya engelleyebilirsiniz, ancak bunu yaparsan\u0131z bu web sitesinin baz\u0131 \u00f6zellikleri d\u00fczg\u00fcn \u00e7al\u0131\u015fmayabilir. Halihaz\u0131rda bilgisayar\u0131n\u0131zda bulunan t\u00fcm \u00e7erezleri silebilir ve \u00e7o\u011fu arama motorunu bunlar\u0131 engelleyecek \u015fekilde ayarlayabilirsiniz. Bunu yaparsan\u0131z, bir web sitesini her ziyaret etti\u011finizde tercihlerinizi manuel olarak ayarlaman\u0131z gerekebilir ve baz\u0131 hizmetler ve i\u015flevler \u00e7al\u0131\u015fmayabilir.<\/p><p><br \/>Ayr\u0131ca farkl\u0131 taray\u0131c\u0131lar, web sitelerinin kulland\u0131\u011f\u0131 \u00e7erezlerin engellenmesi ve silinmesi i\u00e7in farkl\u0131 y\u00f6ntemler sunmaktad\u0131r. \u00c7erezleri engellemek\/silmek i\u00e7in taray\u0131c\u0131 ayarlar\u0131n\u0131z\u0131 de\u011fi\u015ftirebilirsiniz. \u00c7erezlerin nas\u0131l y\u00f6netilece\u011fi ve silinece\u011fi hakk\u0131nda daha fazla bilgi edinmek i\u00e7in \u015fu adresleri ziyaret edin: wikipedia.org, www.allaboutcookies.org.<\/p><\/div><\/article><\/div><\/div><footer role=\"contentinfo\"><div data-elementor-type=\"footer\" data-elementor-id=\"422\"><section data-id=\"271de1af\" data-element_type=\"section\" data-settings=\"{&quot;jet_parallax_layout_list&quot;:[{&quot;_id&quot;:&quot;24f9ec5&quot;,&quot;jet_parallax_layout_image&quot;:{&quot;url&quot;:&quot;&quot;,&quot;id&quot;:&quot;&quot;,&quot;size&quot;:&quot;&quot;},&quot;jet_parallax_layout_image_tablet&quot;:{&quot;url&quot;:&quot;&quot;,&quot;id&quot;:&quot;&quot;,&quot;size&quot;:&quot;&quot;},&quot;jet_parallax_layout_image_mobile&quot;:{&quot;url&quot;:&quot;&quot;,&quot;id&quot;:&quot;&quot;,&quot;size&quot;:&quot;&quot;},&quot;jet_parallax_layout_speed&quot;:{&quot;unit&quot;:&quot;%&quot;,&quot;size&quot;:50,&quot;sizes&quot;:[]},&quot;jet_parallax_layout_type&quot;:&quot;scroll&quot;,&quot;jet_parallax_layout_direction&quot;:null,&quot;jet_parallax_layout_fx_direction&quot;:null,&quot;jet_parallax_layout_z_index&quot;:&quot;&quot;,&quot;jet_parallax_layout_bg_x&quot;:50,&quot;jet_parallax_layout_bg_x_tablet&quot;:&quot;&quot;,&quot;jet_parallax_layout_bg_x_mobile&quot;:&quot;&quot;,&quot;jet_parallax_layout_bg_y&quot;:50,&quot;jet_parallax_layout_bg_y_tablet&quot;:&quot;&quot;,&quot;jet_parallax_layout_bg_y_mobile&quot;:&quot;&quot;,&quot;jet_parallax_layout_bg_size&quot;:&quot;auto&quot;,&quot;jet_parallax_layout_bg_size_tablet&quot;:&quot;&quot;,&quot;jet_parallax_layout_bg_size_mobile&quot;:&quot;&quot;,&quot;jet_parallax_layout_animation_prop&quot;:&quot;transform&quot;,&quot;jet_parallax_layout_on&quot;:[&quot;desktop&quot;,&quot;tablet&quot;]}],&quot;background_background&quot;:&quot;classic&quot;}\"><div>\u00a0<\/div><\/section><\/div><\/footer>\t\t\t\t\t\t<\/div>\n\t\t\t\t<\/div>\n\t\t\t\t\t<\/div>\n\t\t<\/div>\n\t\t\t\t\t<\/div>\n\t\t<\/section>\n\t\t\t\t<\/div>\n\t\t","protected":false},"excerpt":{"rendered":"<p>\u00c7erezlerin kullan\u0131m\u0131na ili\u015fkin politika \u00c7erezlerin kullan\u0131m\u0131na ili\u015fkin politika Bu \u00e7erez politikas\u0131, \u00e7erezlerin ne oldu\u011funu ve bunlar\u0131 nas\u0131l kulland\u0131\u011f\u0131m\u0131z\u0131, kulland\u0131\u011f\u0131m\u0131z \u00e7erez t\u00fcrlerini, \u00e7erezleri kullanarak toplad\u0131\u011f\u0131m\u0131z bilgileri ve bu bilgilerin nas\u0131l kullan\u0131ld\u0131\u011f\u0131n\u0131 ve \u00e7erez tercihlerinizi nas\u0131l kontrol edebilece\u011finizi a\u00e7\u0131klamaktad\u0131r.\u00a0Ki\u015fisel verilerinizi nas\u0131l kulland\u0131\u011f\u0131m\u0131z ve saklad\u0131\u011f\u0131m\u0131z hakk\u0131nda daha fazla bilgi i\u00e7in Gizlilik Politikam\u0131za bak\u0131n. Web sitemizdeki \u00c7erez Beyan\u0131na verdi\u011finiz [&hellip;]<\/p>\n","protected":false},"author":1,"featured_media":0,"parent":0,"menu_order":0,"comment_status":"closed","ping_status":"closed","template":"","meta":{"site-sidebar-layout":"no-sidebar","site-content-layout":"page-builder","ast-site-content-layout":"full-width-container","site-content-style":"unboxed","site-sidebar-style":"unboxed","ast-global-header-display":"","ast-banner-title-visibility":"","ast-main-header-display":"","ast-hfb-above-header-display":"","ast-hfb-below-header-display":"","ast-hfb-mobile-header-display":"","site-post-title":"disabled","ast-breadcrumbs-content":"","ast-featured-img":"disabled","footer-sml-layout":"","theme-transparent-header-meta":"default","adv-header-id-meta":"","stick-header-meta":"","header-above-stick-meta":"","header-main-stick-meta":"","header-below-stick-meta":"","astra-migrate-meta-layouts":"set","ast-page-background-enabled":"default","ast-page-background-meta":{"desktop":{"background-color":"var(--ast-global-color-4)","background-image":"","background-repeat":"repeat","background-position":"center center","background-size":"auto","background-attachment":"scroll","background-type":"","background-media":"","overlay-type":"","overlay-color":"","overlay-opacity":"","overlay-gradient":""},"tablet":{"background-color":"","background-image":"","background-repeat":"repeat","background-position":"center center","background-size":"auto","background-attachment":"scroll","background-type":"","background-media":"","overlay-type":"","overlay-color":"","overlay-opacity":"","overlay-gradient":""},"mobile":{"background-color":"","background-image":"","background-repeat":"repeat","background-position":"center center","background-size":"auto","background-attachment":"scroll","background-type":"","background-media":"","overlay-type":"","overlay-color":"","overlay-opacity":"","overlay-gradient":""}},"ast-content-background-meta":{"desktop":{"background-color":"var(--ast-global-color-5)","background-image":"","background-repeat":"repeat","background-position":"center center","background-size":"auto","background-attachment":"scroll","background-type":"","background-media":"","overlay-type":"","overlay-color":"","overlay-opacity":"","overlay-gradient":""},"tablet":{"background-color":"var(--ast-global-color-5)","background-image":"","background-repeat":"repeat","background-position":"center center","background-size":"auto","background-attachment":"scroll","background-type":"","background-media":"","overlay-type":"","overlay-color":"","overlay-opacity":"","overlay-gradient":""},"mobile":{"background-color":"var(--ast-global-color-5)","background-image":"","background-repeat":"repeat","background-position":"center center","background-size":"auto","background-attachment":"scroll","background-type":"","background-media":"","overlay-type":"","overlay-color":"","overlay-opacity":"","overlay-gradient":""}},"footnotes":""},"class_list":["post-3409","page","type-page","status-publish","hentry"],"yoast_head":"<!-- This site is optimized with the Yoast SEO plugin v22.8 - https:\/\/yoast.com\/wordpress\/plugins\/seo\/ -->\n<title>\u00c7erezlerin kullan\u0131m\u0131na ili\u015fkin politika - \u0130.\u00d6.O \u201eMiladinov Karde\u015fler\u201c - Struga<\/title>\n<meta name=\"robots\" content=\"noindex, follow, max-snippet:-1, max-image-preview:large, max-video-preview:-1\" \/>\n<meta property=\"og:locale\" content=\"en_US\" \/>\n<meta property=\"og:type\" content=\"article\" \/>\n<meta property=\"og:title\" content=\"\u00c7erezlerin kullan\u0131m\u0131na ili\u015fkin politika - \u0130.\u00d6.O \u201eMiladinov Karde\u015fler\u201c - Struga\" \/>\n<meta property=\"og:description\" content=\"\u00c7erezlerin kullan\u0131m\u0131na ili\u015fkin politika \u00c7erezlerin kullan\u0131m\u0131na ili\u015fkin politika Bu \u00e7erez politikas\u0131, \u00e7erezlerin ne oldu\u011funu ve bunlar\u0131 nas\u0131l kulland\u0131\u011f\u0131m\u0131z\u0131, kulland\u0131\u011f\u0131m\u0131z \u00e7erez t\u00fcrlerini, \u00e7erezleri kullanarak toplad\u0131\u011f\u0131m\u0131z bilgileri ve bu bilgilerin nas\u0131l kullan\u0131ld\u0131\u011f\u0131n\u0131 ve \u00e7erez tercihlerinizi nas\u0131l kontrol edebilece\u011finizi a\u00e7\u0131klamaktad\u0131r.\u00a0Ki\u015fisel verilerinizi nas\u0131l kulland\u0131\u011f\u0131m\u0131z ve saklad\u0131\u011f\u0131m\u0131z hakk\u0131nda daha fazla bilgi i\u00e7in Gizlilik Politikam\u0131za bak\u0131n. Web sitemizdeki \u00c7erez Beyan\u0131na verdi\u011finiz [&hellip;]\" \/>\n<meta property=\"og:url\" content=\"https:\/\/ooubrakamiladinovci.edu.mk\/tr\/cerezler\/\" \/>\n<meta property=\"og:site_name\" content=\"\u0130.\u00d6.O \u201eMiladinov Karde\u015fler\u201c - Struga\" \/>\n<meta property=\"article:modified_time\" content=\"2024-06-27T14:59:56+00:00\" \/>\n<meta name=\"twitter:card\" content=\"summary_large_image\" \/>\n<meta name=\"twitter:label1\" content=\"Est. reading time\" \/>\n\t<meta name=\"twitter:data1\" content=\"3 minutes\" \/>\n<script type=\"application\/ld+json\" class=\"yoast-schema-graph\">{\"@context\":\"https:\/\/schema.org\",\"@graph\":[{\"@type\":\"WebPage\",\"@id\":\"https:\/\/ooubrakamiladinovci.edu.mk\/tr\/cerezler\/\",\"url\":\"https:\/\/ooubrakamiladinovci.edu.mk\/tr\/cerezler\/\",\"name\":\"\u00c7erezlerin kullan\u0131m\u0131na ili\u015fkin politika - \u0130.\u00d6.O \u201eMiladinov Karde\u015fler\u201c - Struga\",\"isPartOf\":{\"@id\":\"https:\/\/ooubrakamiladinovci.edu.mk\/tr\/#website\"},\"datePublished\":\"2024-02-02T10:24:35+00:00\",\"dateModified\":\"2024-06-27T14:59:56+00:00\",\"breadcrumb\":{\"@id\":\"https:\/\/ooubrakamiladinovci.edu.mk\/tr\/cerezler\/#breadcrumb\"},\"inLanguage\":\"en-US\",\"potentialAction\":[{\"@type\":\"ReadAction\",\"target\":[\"https:\/\/ooubrakamiladinovci.edu.mk\/tr\/cerezler\/\"]}]},{\"@type\":\"BreadcrumbList\",\"@id\":\"https:\/\/ooubrakamiladinovci.edu.mk\/tr\/cerezler\/#breadcrumb\",\"itemListElement\":[{\"@type\":\"ListItem\",\"position\":1,\"name\":\"Ba\u015flang\u0131\u00e7\",\"item\":\"https:\/\/ooubrakamiladinovci.edu.mk\/tr\/\"},{\"@type\":\"ListItem\",\"position\":2,\"name\":\"\u00c7erezlerin kullan\u0131m\u0131na ili\u015fkin politika\"}]},{\"@type\":\"WebSite\",\"@id\":\"https:\/\/ooubrakamiladinovci.edu.mk\/tr\/#website\",\"url\":\"https:\/\/ooubrakamiladinovci.edu.mk\/tr\/\",\"name\":\"\u0130.\u00d6.O \u201eMiladinov Karde\u015fler\u201c - Struga\",\"description\":\"\u041e\u041e\u0423 \u201e\u0411\u0440\u0430\u045c\u0430 \u041c\u0438\u043b\u0430\u0434\u0438\u043d\u043e\u0432\u0446\u0438\u201c - \u0421\u0442\u0440\u0443\u0433\u0430\",\"potentialAction\":[{\"@type\":\"SearchAction\",\"target\":{\"@type\":\"EntryPoint\",\"urlTemplate\":\"https:\/\/ooubrakamiladinovci.edu.mk\/tr\/?s={search_term_string}\"},\"query-input\":\"required name=search_term_string\"}],\"inLanguage\":\"en-US\"}]}<\/script>\n<!-- \/ Yoast SEO plugin. -->","yoast_head_json":{"title":"\u00c7erezlerin kullan\u0131m\u0131na ili\u015fkin politika - \u0130.\u00d6.O \u201eMiladinov Karde\u015fler\u201c - Struga","robots":{"index":"noindex","follow":"follow","max-snippet":"max-snippet:-1","max-image-preview":"max-image-preview:large","max-video-preview":"max-video-preview:-1"},"og_locale":"en_US","og_type":"article","og_title":"\u00c7erezlerin kullan\u0131m\u0131na ili\u015fkin politika - \u0130.\u00d6.O \u201eMiladinov Karde\u015fler\u201c - Struga","og_description":"\u00c7erezlerin kullan\u0131m\u0131na ili\u015fkin politika \u00c7erezlerin kullan\u0131m\u0131na ili\u015fkin politika Bu \u00e7erez politikas\u0131, \u00e7erezlerin ne oldu\u011funu ve bunlar\u0131 nas\u0131l kulland\u0131\u011f\u0131m\u0131z\u0131, kulland\u0131\u011f\u0131m\u0131z \u00e7erez t\u00fcrlerini, \u00e7erezleri kullanarak toplad\u0131\u011f\u0131m\u0131z bilgileri ve bu bilgilerin nas\u0131l kullan\u0131ld\u0131\u011f\u0131n\u0131 ve \u00e7erez tercihlerinizi nas\u0131l kontrol edebilece\u011finizi a\u00e7\u0131klamaktad\u0131r.\u00a0Ki\u015fisel verilerinizi nas\u0131l kulland\u0131\u011f\u0131m\u0131z ve saklad\u0131\u011f\u0131m\u0131z hakk\u0131nda daha fazla bilgi i\u00e7in Gizlilik Politikam\u0131za bak\u0131n. Web sitemizdeki \u00c7erez Beyan\u0131na verdi\u011finiz [&hellip;]","og_url":"https:\/\/ooubrakamiladinovci.edu.mk\/tr\/cerezler\/","og_site_name":"\u0130.\u00d6.O \u201eMiladinov Karde\u015fler\u201c - Struga","article_modified_time":"2024-06-27T14:59:56+00:00","twitter_card":"summary_large_image","twitter_misc":{"Est. reading time":"3 minutes"},"schema":{"@context":"https:\/\/schema.org","@graph":[{"@type":"WebPage","@id":"https:\/\/ooubrakamiladinovci.edu.mk\/tr\/cerezler\/","url":"https:\/\/ooubrakamiladinovci.edu.mk\/tr\/cerezler\/","name":"\u00c7erezlerin kullan\u0131m\u0131na ili\u015fkin politika - \u0130.\u00d6.O \u201eMiladinov Karde\u015fler\u201c - Struga","isPartOf":{"@id":"https:\/\/ooubrakamiladinovci.edu.mk\/tr\/#website"},"datePublished":"2024-02-02T10:24:35+00:00","dateModified":"2024-06-27T14:59:56+00:00","breadcrumb":{"@id":"https:\/\/ooubrakamiladinovci.edu.mk\/tr\/cerezler\/#breadcrumb"},"inLanguage":"en-US","potentialAction":[{"@type":"ReadAction","target":["https:\/\/ooubrakamiladinovci.edu.mk\/tr\/cerezler\/"]}]},{"@type":"BreadcrumbList","@id":"https:\/\/ooubrakamiladinovci.edu.mk\/tr\/cerezler\/#breadcrumb","itemListElement":[{"@type":"ListItem","position":1,"name":"Ba\u015flang\u0131\u00e7","item":"https:\/\/ooubrakamiladinovci.edu.mk\/tr\/"},{"@type":"ListItem","position":2,"name":"\u00c7erezlerin kullan\u0131m\u0131na ili\u015fkin politika"}]},{"@type":"WebSite","@id":"https:\/\/ooubrakamiladinovci.edu.mk\/tr\/#website","url":"https:\/\/ooubrakamiladinovci.edu.mk\/tr\/","name":"\u0130.\u00d6.O \u201eMiladinov Karde\u015fler\u201c - Struga","description":"\u041e\u041e\u0423 \u201e\u0411\u0440\u0430\u045c\u0430 \u041c\u0438\u043b\u0430\u0434\u0438\u043d\u043e\u0432\u0446\u0438\u201c - \u0421\u0442\u0440\u0443\u0433\u0430","potentialAction":[{"@type":"SearchAction","target":{"@type":"EntryPoint","urlTemplate":"https:\/\/ooubrakamiladinovci.edu.mk\/tr\/?s={search_term_string}"},"query-input":"required name=search_term_string"}],"inLanguage":"en-US"}]}},"_links":{"self":[{"href":"https:\/\/ooubrakamiladinovci.edu.mk\/tr\/wp-json\/wp\/v2\/pages\/3409","targetHints":{"allow":["GET"]}}],"collection":[{"href":"https:\/\/ooubrakamiladinovci.edu.mk\/tr\/wp-json\/wp\/v2\/pages"}],"about":[{"href":"https:\/\/ooubrakamiladinovci.edu.mk\/tr\/wp-json\/wp\/v2\/types\/page"}],"author":[{"embeddable":true,"href":"https:\/\/ooubrakamiladinovci.edu.mk\/tr\/wp-json\/wp\/v2\/users\/1"}],"replies":[{"embeddable":true,"href":"https:\/\/ooubrakamiladinovci.edu.mk\/tr\/wp-json\/wp\/v2\/comments?post=3409"}],"version-history":[{"count":12,"href":"https:\/\/ooubrakamiladinovci.edu.mk\/tr\/wp-json\/wp\/v2\/pages\/3409\/revisions"}],"predecessor-version":[{"id":4202,"href":"https:\/\/ooubrakamiladinovci.edu.mk\/tr\/wp-json\/wp\/v2\/pages\/3409\/revisions\/4202"}],"wp:attachment":[{"href":"https:\/\/ooubrakamiladinovci.edu.mk\/tr\/wp-json\/wp\/v2\/media?parent=3409"}],"curies":[{"name":"wp","href":"https:\/\/api.w.org\/{rel}","templated":true}]}}