{"id":3395,"date":"2024-02-02T10:56:58","date_gmt":"2024-02-02T09:56:58","guid":{"rendered":"https:\/\/ooubrakamiladinovci.edu.mk\/tr\/?page_id=3395"},"modified":"2024-06-27T17:03:45","modified_gmt":"2024-06-27T15:03:45","slug":"gizlilik-politikasi","status":"publish","type":"page","link":"https:\/\/ooubrakamiladinovci.edu.mk\/tr\/gizlilik-politikasi\/","title":{"rendered":"Gizlilik Politikas\u0131"},"content":{"rendered":"\t\t<div data-elementor-type=\"wp-page\" data-elementor-id=\"3395\" class=\"elementor elementor-3395\" data-elementor-post-type=\"page\">\n\t\t\t\t\t\t<section class=\"elementor-section elementor-top-section elementor-element elementor-element-ff26bd1 elementor-section-height-min-height elementor-section-boxed elementor-section-height-default elementor-section-items-middle\" data-id=\"ff26bd1\" data-element_type=\"section\" data-settings=\"{&quot;background_background&quot;:&quot;classic&quot;}\">\n\t\t\t\t\t\t\t<div class=\"elementor-background-overlay\"><\/div>\n\t\t\t\t\t\t\t<div class=\"elementor-container elementor-column-gap-default\">\n\t\t\t\t\t<div class=\"elementor-column elementor-col-100 elementor-top-column elementor-element elementor-element-e72937e\" data-id=\"e72937e\" data-element_type=\"column\">\n\t\t\t<div class=\"elementor-widget-wrap elementor-element-populated\">\n\t\t\t\t\t\t<div class=\"elementor-element elementor-element-57a73e1 elementor-widget elementor-widget-heading\" data-id=\"57a73e1\" data-element_type=\"widget\" data-widget_type=\"heading.default\">\n\t\t\t\t<div class=\"elementor-widget-container\">\n\t\t\t<style>\/*! elementor - v3.21.0 - 26-05-2024 *\/\n.elementor-heading-title{padding:0;margin:0;line-height:1}.elementor-widget-heading .elementor-heading-title[class*=elementor-size-]>a{color:inherit;font-size:inherit;line-height:inherit}.elementor-widget-heading .elementor-heading-title.elementor-size-small{font-size:15px}.elementor-widget-heading .elementor-heading-title.elementor-size-medium{font-size:19px}.elementor-widget-heading .elementor-heading-title.elementor-size-large{font-size:29px}.elementor-widget-heading .elementor-heading-title.elementor-size-xl{font-size:39px}.elementor-widget-heading .elementor-heading-title.elementor-size-xxl{font-size:59px}<\/style><h2 class=\"elementor-heading-title elementor-size-default\">Gizlilik Politikas\u0131<\/h2>\t\t<\/div>\n\t\t\t\t<\/div>\n\t\t\t\t<div class=\"elementor-element elementor-element-4178814 elementor-align-center elementor-widget elementor-widget-breadcrumbs\" data-id=\"4178814\" data-element_type=\"widget\" data-widget_type=\"breadcrumbs.default\">\n\t\t\t\t<div class=\"elementor-widget-container\">\n\t\t\t<link rel=\"stylesheet\" href=\"https:\/\/ooubrakamiladinovci.edu.mk\/tr\/wp-content\/plugins\/elementor-pro\/assets\/css\/widget-theme-elements.min.css\"><p id=\"breadcrumbs\"><span><span><a href=\"https:\/\/ooubrakamiladinovci.edu.mk\/tr\/\">Ba\u015flang\u0131\u00e7<\/a><\/span><\/span><\/p>\t\t<\/div>\n\t\t\t\t<\/div>\n\t\t\t\t\t<\/div>\n\t\t<\/div>\n\t\t\t\t\t<\/div>\n\t\t<\/section>\n\t\t\t\t<section class=\"elementor-section elementor-top-section elementor-element elementor-element-b2b5e89 elementor-section-boxed elementor-section-height-default elementor-section-height-default\" data-id=\"b2b5e89\" data-element_type=\"section\">\n\t\t\t\t\t\t<div class=\"elementor-container elementor-column-gap-default\">\n\t\t\t\t\t<div class=\"elementor-column elementor-col-100 elementor-top-column elementor-element elementor-element-a96354d\" data-id=\"a96354d\" data-element_type=\"column\">\n\t\t\t<div class=\"elementor-widget-wrap elementor-element-populated\">\n\t\t\t\t\t\t<div class=\"elementor-element elementor-element-6251f41 elementor-widget elementor-widget-heading\" data-id=\"6251f41\" data-element_type=\"widget\" data-widget_type=\"heading.default\">\n\t\t\t\t<div class=\"elementor-widget-container\">\n\t\t\t<h2 class=\"elementor-heading-title elementor-size-default\">Gizlilik Politikas\u0131<\/h2>\t\t<\/div>\n\t\t\t\t<\/div>\n\t\t\t\t<div class=\"elementor-element elementor-element-2c55fcd elementor-widget elementor-widget-text-editor\" data-id=\"2c55fcd\" data-element_type=\"widget\" data-widget_type=\"text-editor.default\">\n\t\t\t\t<div class=\"elementor-widget-container\">\n\t\t\t<style>\/*! elementor - v3.21.0 - 26-05-2024 *\/\n.elementor-widget-text-editor.elementor-drop-cap-view-stacked .elementor-drop-cap{background-color:#69727d;color:#fff}.elementor-widget-text-editor.elementor-drop-cap-view-framed .elementor-drop-cap{color:#69727d;border:3px solid;background-color:transparent}.elementor-widget-text-editor:not(.elementor-drop-cap-view-default) .elementor-drop-cap{margin-top:8px}.elementor-widget-text-editor:not(.elementor-drop-cap-view-default) .elementor-drop-cap-letter{width:1em;height:1em}.elementor-widget-text-editor .elementor-drop-cap{float:left;text-align:center;line-height:1;font-size:50px}.elementor-widget-text-editor .elementor-drop-cap-letter{display:inline-block}<\/style>\t\t\t\t<p><b>Bu gizlilik politikas\u0131, web sitemizi ziyaret etti\u011finizde ve\/veya onun arac\u0131l\u0131\u011f\u0131yla idari hizmetlerimizden herhangi birini kulland\u0131\u011f\u0131n\u0131zda ki\u015fisel verilerin i\u015flenmesi hakk\u0131nda genel bilgi sa\u011flar. Yaln\u0131zca yasal g\u00f6revlerimizi ve yetkilerimizi yerine getirmek i\u00e7in gerekli olan ki\u015fisel verileri topluyoruz.<\/b><\/p>\n<p><b>Ki\u015fisel Veri Toplama Sorumlusu<\/b><\/p>\n<p><b>Ki\u015fisel veri denetleyicisi \u0130.\u00d6.O &#8220;Miladinov Karde\u015fler&#8221; \u2013 Struga&#8217;d\u0131r ve genel merkezi ul. &#8220;Jovo Stefanovski &#8211; Rile&#8221; hay\u0131r. 4, 6330 Struga, Kuzey Makedonya Cumhuriyeti.<\/b><\/p>\n<p>Ki\u015fisel veriler, Ki\u015fisel Verilerin Korunmas\u0131 Kanunu h\u00fck\u00fcmlerine uygun olarak i\u015flenmektedir.<\/p>\n<h2>Kimin verilerini topluyoruz?<\/h2>\n<p>A\u015fa\u011f\u0131daki ki\u015fi kategorileriyle ilgili verileri toplayabiliriz:<\/p>\n<p>www.ooubrakamiladinovci.edu.mk\/tr web sitemizi ziyaret edenler.Genellikle web sitemize yap\u0131lan ziyaretlerden elde edilen verileri analiz etmek ve web sitemizdeki bilgi g\u00fcvenli\u011fini korumak i\u00e7in kullan\u0131lan gezinme verilerini (a\u015fa\u011f\u0131ya bak\u0131n) topluyoruz. \u00c7erez politikam\u0131zda \u00e7erezlerin kullan\u0131m\u0131 hakk\u0131nda daha fazla bilgi edinin.<br>Ba\u015fvuru sahipleri ve di\u011fer ger\u00e7ek ki\u015filer, denetimin uygulanmas\u0131na y\u00f6nelik taleplerin ve giri\u015fimlerin sunulmas\u0131yla ba\u011flant\u0131l\u0131 olarak. Bu talepler\/giri\u015fimler, Ki\u015fisel Verilerin Korunmas\u0131 Kanununda belirtilen yetkilerimize uygun hareket edebilmemiz i\u00e7in gerekli olan, talepte bulunan\u0131n kimli\u011fine ve talebe dahil olan di\u011fer ki\u015filerin ki\u015fisel verilerine ili\u015fkin bilgileri i\u00e7ermektedir.<br>Kamu Bilgilerine Serbest Eri\u015fim Kanunu uyar\u0131nca kamuya a\u00e7\u0131k bilgilere eri\u015fim talep eden ki\u015filer. Bilgiye eri\u015fim taleplerini i\u015fleme koymak i\u00e7in, dilek\u00e7e sahiplerinin Kamu Bilgisine Serbest Eri\u015fim Kanunu uyar\u0131nca belirli verileri sa\u011flamalar\u0131 gerekmektedir.<br>\u0130\u015flenen veri kategorileri<br><b>1. Kullan\u0131c\u0131lar\u0131n g\u00f6n\u00fcll\u00fc olarak sa\u011flad\u0131\u011f\u0131 veriler<\/b><\/p>\n<p>Web sitemizi ziyaretiniz sonucunda toplad\u0131\u011f\u0131m\u0131z ki\u015fisel veriler, yetkilerimizi kullanmam\u0131z\u0131 sa\u011flamak amac\u0131yla belirli ama\u00e7lar do\u011frultusunda g\u00f6n\u00fcll\u00fc olarak sa\u011flad\u0131\u011f\u0131n\u0131z verilerdir.<\/p>\n<p>A\u015fa\u011f\u0131daki ki\u015fisel veri kategorilerinden herhangi birini toplayabiliriz: ad ve soyad, adres, ileti\u015fim telefon numaras\u0131, e-posta.<\/p>\n<p><b>2. Kullan\u0131c\u0131lar\u0131n g\u00f6n\u00fcll\u00fc olarak g\u00f6nderdi\u011fi yorumlar<\/b><\/p>\n<p>Ziyaret\u00e7iler sitede yorum b\u0131rakt\u0131\u011f\u0131nda, spam tespitine yard\u0131mc\u0131 olmak i\u00e7in yorum formunda g\u00f6r\u00fcnt\u00fclenen verilerin yan\u0131 s\u0131ra ziyaret\u00e7inin IP adresi ve taray\u0131c\u0131 kullan\u0131c\u0131 arac\u0131s\u0131 dizesini de toplar\u0131z.<\/p>\n<p>E-postan\u0131zdan olu\u015fturulan anonimle\u015ftirilmi\u015f bir dize (hash olarak da bilinir), Gravatar hizmetine, onu kullan\u0131p kullanmad\u0131\u011f\u0131n\u0131z\u0131 g\u00f6rmek i\u00e7in sa\u011flanabilir. Gravatar hizmetinin gizlilik politikas\u0131na burada ula\u015fabilirsiniz: https:\/\/automattic.com\/privacy\/. Yorumunuz onayland\u0131ktan sonra profil resminiz, yorumunuz ba\u011flam\u0131nda herkese g\u00f6r\u00fcn\u00fcr.<\/p>\n<p><b>3. Di\u011fer web sitelerinden g\u00f6m\u00fcl\u00fc i\u00e7erik<\/b><\/p>\n<p>Bu sitedeki makaleler g\u00f6m\u00fcl\u00fc i\u00e7erik (\u00f6rne\u011fin videolar, resimler, makaleler vb.) i\u00e7erebilir. Di\u011fer web sitelerindeki g\u00f6m\u00fcl\u00fc i\u00e7erik, ziyaret\u00e7inin di\u011fer web sitesini ziyaret etmi\u015f gibi muamele g\u00f6r\u00fcr. Bu web siteleri sizin hakk\u0131n\u0131zda veri toplayabilir, \u00e7erez kullanabilir, ek \u00fc\u00e7\u00fcnc\u00fc taraf takibi yerle\u015ftirebilir ve bir hesab\u0131n\u0131z varsa ve web sitesinde oturum a\u00e7m\u0131\u015fsan\u0131z, s\u00f6z konusu g\u00f6m\u00fcl\u00fc i\u00e7erikle etkile\u015fiminizi izlemek de dahil olmak \u00fczere, s\u00f6z konusu g\u00f6m\u00fcl\u00fc i\u00e7erikle olan etkile\u015fiminizi izleyebilir.<\/p>\n<h2>Ki\u015fisel verileri nas\u0131l topluyoruz?<\/h2>\n<p>Ki\u015fisel verileri a\u015fa\u011f\u0131dakiler de dahil olmak \u00fczere \u00e7e\u015fitli kanallar arac\u0131l\u0131\u011f\u0131yla topluyoruz:<\/p>\n<p>Ba\u015fvuru formlar\u0131 da dahil olmak \u00fczere web sitemizi kullanman\u0131z yoluyla;<br>e-postam\u0131z arac\u0131l\u0131\u011f\u0131yla: info@ooubrakamiladinovci.edu.mk\/tr<br>posta yoluyla,<br>faks yoluyla,<br>s\u00f6zl\u00fc olarak.<br>Ki\u015fisel veri kullan\u0131c\u0131lar\u0131n\u0131n kategorileri<\/p>\n<p>\u0130nternet sitemiz \u00fczerinden sunulan \u00e7evrimi\u00e7i hizmetlere ili\u015fkin ki\u015fisel veri i\u015fleme faaliyetleri, bu hizmetlerden sorumlu \u00e7al\u0131\u015fanlar veya s\u00f6z konusu faaliyetlerin y\u00fcr\u00fct\u00fclmesinden sorumlu ki\u015filer taraf\u0131ndan ger\u00e7ekle\u015ftirilmektedir.<\/p>\n<p>A\u015fa\u011f\u0131daki durumlar haricinde, sizinle ve\/veya web sitemizi ziyaretinizle ilgili verileri \u00fc\u00e7\u00fcnc\u00fc taraflarla payla\u015fmay\u0131z:<\/p>\n<p>Hizmet sa\u011flay\u0131c\u0131lar\u0131n i\u015fe al\u0131nmas\u0131 durumunda, onlar\u0131 i\u015fleyici olarak i\u015fe al\u0131rsak, bu onlar\u0131 bizim talimatlar\u0131m\u0131za g\u00f6re hareket etmeye ve bu hizmetlerin sa\u011flanmas\u0131 s\u0131ras\u0131nda i\u015flenen ki\u015fisel verilerin korunmas\u0131n\u0131 sa\u011flamaya zorlayacakt\u0131r;<br>Ziyaret\u00e7i yorumlar\u0131 otomatik spam tespit hizmeti taraf\u0131ndan taranabilir;<br>Mahkemenin, polisin veya di\u011fer makam ve kurulu\u015flar\u0131n kendi yetkilerini kullanma talebi \u00fczerine ve yaln\u0131zca bunun i\u00e7in yasal bir dayanak bulunmas\u0131 halinde.<br>Toplanan verilerin saklanma s\u00fcresi<\/p>\n<p>Toplad\u0131\u011f\u0131m\u0131z veriler kanunlara ve i\u015fleme amac\u0131na ula\u015fmak i\u00e7in gerekli olan s\u00fcreye uygun olarak saklan\u0131r.<\/p>\n<h2>Haklar\u0131n\u0131z nelerdir?<\/h2>\n<p>Ki\u015fisel verilerin i\u015flenmesine ili\u015fkin haklar\u0131n\u0131z \u015funlard\u0131r:<\/p>\n<p>ki\u015fisel verilerin i\u015flenmesi hakk\u0131nda bilgilendirilme hakk\u0131<br>ki\u015fisel verilere eri\u015fim hakk\u0131<br>ki\u015fisel verilerin d\u00fczeltilmesi ve silinmesi hakk\u0131<br>ki\u015fisel verilerin i\u015flenmesini s\u0131n\u0131rlama hakk\u0131<br>itiraz hakk\u0131<\/p>\t\t\t\t\t\t<\/div>\n\t\t\t\t<\/div>\n\t\t\t\t\t<\/div>\n\t\t<\/div>\n\t\t\t\t\t<\/div>\n\t\t<\/section>\n\t\t\t\t<\/div>\n\t\t","protected":false},"excerpt":{"rendered":"<p>Gizlilik Politikas\u0131 Gizlilik Politikas\u0131 Bu gizlilik politikas\u0131, web sitemizi ziyaret etti\u011finizde ve\/veya onun arac\u0131l\u0131\u011f\u0131yla idari hizmetlerimizden herhangi birini kulland\u0131\u011f\u0131n\u0131zda ki\u015fisel verilerin i\u015flenmesi hakk\u0131nda genel bilgi sa\u011flar. Yaln\u0131zca yasal g\u00f6revlerimizi ve yetkilerimizi yerine getirmek i\u00e7in gerekli olan ki\u015fisel verileri topluyoruz. Ki\u015fisel Veri Toplama Sorumlusu Ki\u015fisel veri denetleyicisi \u0130.\u00d6.O &#8220;Miladinov Karde\u015fler&#8221; \u2013 Struga&#8217;d\u0131r ve genel merkezi ul. [&hellip;]<\/p>\n","protected":false},"author":1,"featured_media":0,"parent":0,"menu_order":0,"comment_status":"closed","ping_status":"closed","template":"","meta":{"site-sidebar-layout":"no-sidebar","site-content-layout":"page-builder","ast-site-content-layout":"full-width-container","site-content-style":"unboxed","site-sidebar-style":"unboxed","ast-global-header-display":"","ast-banner-title-visibility":"","ast-main-header-display":"","ast-hfb-above-header-display":"","ast-hfb-below-header-display":"","ast-hfb-mobile-header-display":"","site-post-title":"disabled","ast-breadcrumbs-content":"","ast-featured-img":"disabled","footer-sml-layout":"","theme-transparent-header-meta":"default","adv-header-id-meta":"","stick-header-meta":"","header-above-stick-meta":"","header-main-stick-meta":"","header-below-stick-meta":"","astra-migrate-meta-layouts":"set","ast-page-background-enabled":"default","ast-page-background-meta":{"desktop":{"background-color":"var(--ast-global-color-4)","background-image":"","background-repeat":"repeat","background-position":"center center","background-size":"auto","background-attachment":"scroll","background-type":"","background-media":"","overlay-type":"","overlay-color":"","overlay-opacity":"","overlay-gradient":""},"tablet":{"background-color":"","background-image":"","background-repeat":"repeat","background-position":"center center","background-size":"auto","background-attachment":"scroll","background-type":"","background-media":"","overlay-type":"","overlay-color":"","overlay-opacity":"","overlay-gradient":""},"mobile":{"background-color":"","background-image":"","background-repeat":"repeat","background-position":"center center","background-size":"auto","background-attachment":"scroll","background-type":"","background-media":"","overlay-type":"","overlay-color":"","overlay-opacity":"","overlay-gradient":""}},"ast-content-background-meta":{"desktop":{"background-color":"var(--ast-global-color-5)","background-image":"","background-repeat":"repeat","background-position":"center center","background-size":"auto","background-attachment":"scroll","background-type":"","background-media":"","overlay-type":"","overlay-color":"","overlay-opacity":"","overlay-gradient":""},"tablet":{"background-color":"var(--ast-global-color-5)","background-image":"","background-repeat":"repeat","background-position":"center center","background-size":"auto","background-attachment":"scroll","background-type":"","background-media":"","overlay-type":"","overlay-color":"","overlay-opacity":"","overlay-gradient":""},"mobile":{"background-color":"var(--ast-global-color-5)","background-image":"","background-repeat":"repeat","background-position":"center center","background-size":"auto","background-attachment":"scroll","background-type":"","background-media":"","overlay-type":"","overlay-color":"","overlay-opacity":"","overlay-gradient":""}},"footnotes":""},"class_list":["post-3395","page","type-page","status-publish","hentry"],"yoast_head":"<!-- This site is optimized with the Yoast SEO plugin v22.8 - https:\/\/yoast.com\/wordpress\/plugins\/seo\/ -->\n<title>Gizlilik Politikas\u0131 - \u0130.\u00d6.O \u201eMiladinov Karde\u015fler\u201c - Struga<\/title>\n<meta name=\"robots\" content=\"noindex, follow, max-snippet:-1, max-image-preview:large, max-video-preview:-1\" \/>\n<meta property=\"og:locale\" content=\"en_US\" \/>\n<meta property=\"og:type\" content=\"article\" \/>\n<meta property=\"og:title\" content=\"Gizlilik Politikas\u0131 - \u0130.\u00d6.O \u201eMiladinov Karde\u015fler\u201c - Struga\" \/>\n<meta property=\"og:description\" content=\"Gizlilik Politikas\u0131 Gizlilik Politikas\u0131 Bu gizlilik politikas\u0131, web sitemizi ziyaret etti\u011finizde ve\/veya onun arac\u0131l\u0131\u011f\u0131yla idari hizmetlerimizden herhangi birini kulland\u0131\u011f\u0131n\u0131zda ki\u015fisel verilerin i\u015flenmesi hakk\u0131nda genel bilgi sa\u011flar. Yaln\u0131zca yasal g\u00f6revlerimizi ve yetkilerimizi yerine getirmek i\u00e7in gerekli olan ki\u015fisel verileri topluyoruz. Ki\u015fisel Veri Toplama Sorumlusu Ki\u015fisel veri denetleyicisi \u0130.\u00d6.O &#8220;Miladinov Karde\u015fler&#8221; \u2013 Struga&#8217;d\u0131r ve genel merkezi ul. [&hellip;]\" \/>\n<meta property=\"og:url\" content=\"https:\/\/ooubrakamiladinovci.edu.mk\/tr\/gizlilik-politikasi\/\" \/>\n<meta property=\"og:site_name\" content=\"\u0130.\u00d6.O \u201eMiladinov Karde\u015fler\u201c - Struga\" \/>\n<meta property=\"article:modified_time\" content=\"2024-06-27T15:03:45+00:00\" \/>\n<meta name=\"twitter:card\" content=\"summary_large_image\" \/>\n<meta name=\"twitter:label1\" content=\"Est. reading time\" \/>\n\t<meta name=\"twitter:data1\" content=\"3 minutes\" \/>\n<script type=\"application\/ld+json\" class=\"yoast-schema-graph\">{\"@context\":\"https:\/\/schema.org\",\"@graph\":[{\"@type\":\"WebPage\",\"@id\":\"https:\/\/ooubrakamiladinovci.edu.mk\/tr\/gizlilik-politikasi\/\",\"url\":\"https:\/\/ooubrakamiladinovci.edu.mk\/tr\/gizlilik-politikasi\/\",\"name\":\"Gizlilik Politikas\u0131 - \u0130.\u00d6.O \u201eMiladinov Karde\u015fler\u201c - Struga\",\"isPartOf\":{\"@id\":\"https:\/\/ooubrakamiladinovci.edu.mk\/tr\/#website\"},\"datePublished\":\"2024-02-02T09:56:58+00:00\",\"dateModified\":\"2024-06-27T15:03:45+00:00\",\"breadcrumb\":{\"@id\":\"https:\/\/ooubrakamiladinovci.edu.mk\/tr\/gizlilik-politikasi\/#breadcrumb\"},\"inLanguage\":\"en-US\",\"potentialAction\":[{\"@type\":\"ReadAction\",\"target\":[\"https:\/\/ooubrakamiladinovci.edu.mk\/tr\/gizlilik-politikasi\/\"]}]},{\"@type\":\"BreadcrumbList\",\"@id\":\"https:\/\/ooubrakamiladinovci.edu.mk\/tr\/gizlilik-politikasi\/#breadcrumb\",\"itemListElement\":[{\"@type\":\"ListItem\",\"position\":1,\"name\":\"Ba\u015flang\u0131\u00e7\",\"item\":\"https:\/\/ooubrakamiladinovci.edu.mk\/tr\/\"},{\"@type\":\"ListItem\",\"position\":2,\"name\":\"Gizlilik Politikas\u0131\"}]},{\"@type\":\"WebSite\",\"@id\":\"https:\/\/ooubrakamiladinovci.edu.mk\/tr\/#website\",\"url\":\"https:\/\/ooubrakamiladinovci.edu.mk\/tr\/\",\"name\":\"\u0130.\u00d6.O \u201eMiladinov Karde\u015fler\u201c - Struga\",\"description\":\"\u041e\u041e\u0423 \u201e\u0411\u0440\u0430\u045c\u0430 \u041c\u0438\u043b\u0430\u0434\u0438\u043d\u043e\u0432\u0446\u0438\u201c - \u0421\u0442\u0440\u0443\u0433\u0430\",\"potentialAction\":[{\"@type\":\"SearchAction\",\"target\":{\"@type\":\"EntryPoint\",\"urlTemplate\":\"https:\/\/ooubrakamiladinovci.edu.mk\/tr\/?s={search_term_string}\"},\"query-input\":\"required name=search_term_string\"}],\"inLanguage\":\"en-US\"}]}<\/script>\n<!-- \/ Yoast SEO plugin. -->","yoast_head_json":{"title":"Gizlilik Politikas\u0131 - \u0130.\u00d6.O \u201eMiladinov Karde\u015fler\u201c - Struga","robots":{"index":"noindex","follow":"follow","max-snippet":"max-snippet:-1","max-image-preview":"max-image-preview:large","max-video-preview":"max-video-preview:-1"},"og_locale":"en_US","og_type":"article","og_title":"Gizlilik Politikas\u0131 - \u0130.\u00d6.O \u201eMiladinov Karde\u015fler\u201c - Struga","og_description":"Gizlilik Politikas\u0131 Gizlilik Politikas\u0131 Bu gizlilik politikas\u0131, web sitemizi ziyaret etti\u011finizde ve\/veya onun arac\u0131l\u0131\u011f\u0131yla idari hizmetlerimizden herhangi birini kulland\u0131\u011f\u0131n\u0131zda ki\u015fisel verilerin i\u015flenmesi hakk\u0131nda genel bilgi sa\u011flar. Yaln\u0131zca yasal g\u00f6revlerimizi ve yetkilerimizi yerine getirmek i\u00e7in gerekli olan ki\u015fisel verileri topluyoruz. Ki\u015fisel Veri Toplama Sorumlusu Ki\u015fisel veri denetleyicisi \u0130.\u00d6.O &#8220;Miladinov Karde\u015fler&#8221; \u2013 Struga&#8217;d\u0131r ve genel merkezi ul. [&hellip;]","og_url":"https:\/\/ooubrakamiladinovci.edu.mk\/tr\/gizlilik-politikasi\/","og_site_name":"\u0130.\u00d6.O \u201eMiladinov Karde\u015fler\u201c - Struga","article_modified_time":"2024-06-27T15:03:45+00:00","twitter_card":"summary_large_image","twitter_misc":{"Est. reading time":"3 minutes"},"schema":{"@context":"https:\/\/schema.org","@graph":[{"@type":"WebPage","@id":"https:\/\/ooubrakamiladinovci.edu.mk\/tr\/gizlilik-politikasi\/","url":"https:\/\/ooubrakamiladinovci.edu.mk\/tr\/gizlilik-politikasi\/","name":"Gizlilik Politikas\u0131 - \u0130.\u00d6.O \u201eMiladinov Karde\u015fler\u201c - Struga","isPartOf":{"@id":"https:\/\/ooubrakamiladinovci.edu.mk\/tr\/#website"},"datePublished":"2024-02-02T09:56:58+00:00","dateModified":"2024-06-27T15:03:45+00:00","breadcrumb":{"@id":"https:\/\/ooubrakamiladinovci.edu.mk\/tr\/gizlilik-politikasi\/#breadcrumb"},"inLanguage":"en-US","potentialAction":[{"@type":"ReadAction","target":["https:\/\/ooubrakamiladinovci.edu.mk\/tr\/gizlilik-politikasi\/"]}]},{"@type":"BreadcrumbList","@id":"https:\/\/ooubrakamiladinovci.edu.mk\/tr\/gizlilik-politikasi\/#breadcrumb","itemListElement":[{"@type":"ListItem","position":1,"name":"Ba\u015flang\u0131\u00e7","item":"https:\/\/ooubrakamiladinovci.edu.mk\/tr\/"},{"@type":"ListItem","position":2,"name":"Gizlilik Politikas\u0131"}]},{"@type":"WebSite","@id":"https:\/\/ooubrakamiladinovci.edu.mk\/tr\/#website","url":"https:\/\/ooubrakamiladinovci.edu.mk\/tr\/","name":"\u0130.\u00d6.O \u201eMiladinov Karde\u015fler\u201c - Struga","description":"\u041e\u041e\u0423 \u201e\u0411\u0440\u0430\u045c\u0430 \u041c\u0438\u043b\u0430\u0434\u0438\u043d\u043e\u0432\u0446\u0438\u201c - \u0421\u0442\u0440\u0443\u0433\u0430","potentialAction":[{"@type":"SearchAction","target":{"@type":"EntryPoint","urlTemplate":"https:\/\/ooubrakamiladinovci.edu.mk\/tr\/?s={search_term_string}"},"query-input":"required name=search_term_string"}],"inLanguage":"en-US"}]}},"_links":{"self":[{"href":"https:\/\/ooubrakamiladinovci.edu.mk\/tr\/wp-json\/wp\/v2\/pages\/3395","targetHints":{"allow":["GET"]}}],"collection":[{"href":"https:\/\/ooubrakamiladinovci.edu.mk\/tr\/wp-json\/wp\/v2\/pages"}],"about":[{"href":"https:\/\/ooubrakamiladinovci.edu.mk\/tr\/wp-json\/wp\/v2\/types\/page"}],"author":[{"embeddable":true,"href":"https:\/\/ooubrakamiladinovci.edu.mk\/tr\/wp-json\/wp\/v2\/users\/1"}],"replies":[{"embeddable":true,"href":"https:\/\/ooubrakamiladinovci.edu.mk\/tr\/wp-json\/wp\/v2\/comments?post=3395"}],"version-history":[{"count":17,"href":"https:\/\/ooubrakamiladinovci.edu.mk\/tr\/wp-json\/wp\/v2\/pages\/3395\/revisions"}],"predecessor-version":[{"id":4209,"href":"https:\/\/ooubrakamiladinovci.edu.mk\/tr\/wp-json\/wp\/v2\/pages\/3395\/revisions\/4209"}],"wp:attachment":[{"href":"https:\/\/ooubrakamiladinovci.edu.mk\/tr\/wp-json\/wp\/v2\/media?parent=3395"}],"curies":[{"name":"wp","href":"https:\/\/api.w.org\/{rel}","templated":true}]}}