{"id":3349,"date":"2024-02-01T14:37:00","date_gmt":"2024-02-01T13:37:00","guid":{"rendered":"https:\/\/ooubrakamiladinovci.edu.mk\/tr\/?page_id=3349"},"modified":"2024-06-27T16:39:59","modified_gmt":"2024-06-27T14:39:59","slug":"patron-hakkinda","status":"publish","type":"page","link":"https:\/\/ooubrakamiladinovci.edu.mk\/tr\/patron-hakkinda\/","title":{"rendered":"Patron Hakk\u0131nda"},"content":{"rendered":"\t\t<div data-elementor-type=\"wp-page\" data-elementor-id=\"3349\" class=\"elementor elementor-3349\" data-elementor-post-type=\"page\">\n\t\t\t\t\t\t<section class=\"elementor-section elementor-top-section elementor-element elementor-element-ff26bd1 elementor-section-height-min-height elementor-section-boxed elementor-section-height-default elementor-section-items-middle\" data-id=\"ff26bd1\" data-element_type=\"section\" data-settings=\"{&quot;background_background&quot;:&quot;classic&quot;}\">\n\t\t\t\t\t\t\t<div class=\"elementor-background-overlay\"><\/div>\n\t\t\t\t\t\t\t<div class=\"elementor-container elementor-column-gap-default\">\n\t\t\t\t\t<div class=\"elementor-column elementor-col-100 elementor-top-column elementor-element elementor-element-e72937e\" data-id=\"e72937e\" data-element_type=\"column\">\n\t\t\t<div class=\"elementor-widget-wrap elementor-element-populated\">\n\t\t\t\t\t\t<div class=\"elementor-element elementor-element-57a73e1 elementor-widget elementor-widget-heading\" data-id=\"57a73e1\" data-element_type=\"widget\" data-widget_type=\"heading.default\">\n\t\t\t\t<div class=\"elementor-widget-container\">\n\t\t\t<style>\/*! elementor - v3.21.0 - 26-05-2024 *\/\n.elementor-heading-title{padding:0;margin:0;line-height:1}.elementor-widget-heading .elementor-heading-title[class*=elementor-size-]>a{color:inherit;font-size:inherit;line-height:inherit}.elementor-widget-heading .elementor-heading-title.elementor-size-small{font-size:15px}.elementor-widget-heading .elementor-heading-title.elementor-size-medium{font-size:19px}.elementor-widget-heading .elementor-heading-title.elementor-size-large{font-size:29px}.elementor-widget-heading .elementor-heading-title.elementor-size-xl{font-size:39px}.elementor-widget-heading .elementor-heading-title.elementor-size-xxl{font-size:59px}<\/style><h2 class=\"elementor-heading-title elementor-size-default\">PATRON HAKKINDA<\/h2>\t\t<\/div>\n\t\t\t\t<\/div>\n\t\t\t\t<div class=\"elementor-element elementor-element-4178814 elementor-align-center elementor-widget elementor-widget-breadcrumbs\" data-id=\"4178814\" data-element_type=\"widget\" data-widget_type=\"breadcrumbs.default\">\n\t\t\t\t<div class=\"elementor-widget-container\">\n\t\t\t<link rel=\"stylesheet\" href=\"https:\/\/ooubrakamiladinovci.edu.mk\/tr\/wp-content\/plugins\/elementor-pro\/assets\/css\/widget-theme-elements.min.css\"><p id=\"breadcrumbs\"><span><span><a href=\"https:\/\/ooubrakamiladinovci.edu.mk\/tr\/\">Ba\u015flang\u0131\u00e7<\/a><\/span><\/span><\/p>\t\t<\/div>\n\t\t\t\t<\/div>\n\t\t\t\t\t<\/div>\n\t\t<\/div>\n\t\t\t\t\t<\/div>\n\t\t<\/section>\n\t\t\t\t<section class=\"elementor-section elementor-top-section elementor-element elementor-element-b2b5e89 elementor-section-boxed elementor-section-height-default elementor-section-height-default\" data-id=\"b2b5e89\" data-element_type=\"section\">\n\t\t\t\t\t\t<div class=\"elementor-container elementor-column-gap-default\">\n\t\t\t\t\t<div class=\"elementor-column elementor-col-100 elementor-top-column elementor-element elementor-element-a96354d\" data-id=\"a96354d\" data-element_type=\"column\">\n\t\t\t<div class=\"elementor-widget-wrap elementor-element-populated\">\n\t\t\t\t\t\t<div class=\"elementor-element elementor-element-6251f41 elementor-widget elementor-widget-heading\" data-id=\"6251f41\" data-element_type=\"widget\" data-widget_type=\"heading.default\">\n\t\t\t\t<div class=\"elementor-widget-container\">\n\t\t\t<h2 class=\"elementor-heading-title elementor-size-default\">Dimitar ve Konstantin Miladinovci <\/h2>\t\t<\/div>\n\t\t\t\t<\/div>\n\t\t\t\t<div class=\"elementor-element elementor-element-2c55fcd elementor-widget elementor-widget-text-editor\" data-id=\"2c55fcd\" data-element_type=\"widget\" data-widget_type=\"text-editor.default\">\n\t\t\t\t<div class=\"elementor-widget-container\">\n\t\t\t<style>\/*! elementor - v3.21.0 - 26-05-2024 *\/\n.elementor-widget-text-editor.elementor-drop-cap-view-stacked .elementor-drop-cap{background-color:#69727d;color:#fff}.elementor-widget-text-editor.elementor-drop-cap-view-framed .elementor-drop-cap{color:#69727d;border:3px solid;background-color:transparent}.elementor-widget-text-editor:not(.elementor-drop-cap-view-default) .elementor-drop-cap{margin-top:8px}.elementor-widget-text-editor:not(.elementor-drop-cap-view-default) .elementor-drop-cap-letter{width:1em;height:1em}.elementor-widget-text-editor .elementor-drop-cap{float:left;text-align:center;line-height:1;font-size:50px}.elementor-widget-text-editor .elementor-drop-cap-letter{display:inline-block}<\/style>\t\t\t\t<p><span data-contrast=\"auto\">Dimitar (Struga, 1810 &#8211; Konstantinopolis, 23 Ocak 1862) ve Konstantin (Struga, 1830 &#8211; Konstantinopolis, 18 Ocak 1862) Miladin karde\u015fler, 19. y\u00fczy\u0131l\u0131n ortalar\u0131ndan itibaren Makedonya&#8217;daki ulusal canlanman\u0131n kurucular\u0131d\u0131r. \u00c7\u00f6mlek\u00e7i Riste ve e\u015fi Sultana&#8217;n\u0131n sekiz \u00e7ocuklu bir ailesinde d\u00fcnyaya geldiler. \u0130lkokulu Struga&#8217;da, liseyi ise bug\u00fcnk\u00fc Yunanistan olan Yanya&#8217;da tamamlad\u0131lar. Karde\u015fler \u00f6\u011fretmen diplomas\u0131yla memleketlerine d\u00f6nd\u00fc. Makedon halk \u015fark\u0131lar\u0131n\u0131 ve di\u011fer eserleri toplamak ve kaydetmekle me\u015fguld\u00fcler. Yunanl\u0131larla ya\u015fanan \u00e7at\u0131\u015fmalar nedeniyle Dimitar Bitola&#8217;y\u0131 terk etti, ancak 1856 y\u0131l\u0131 sonunda Struga&#8217;ya d\u00f6nd\u00fc ve Konstantin&#8217;i Slav filolojisi e\u011fitimi almas\u0131 i\u00e7in Moskova&#8217;ya g\u00f6nderdi. Koleksiyonu haz\u0131rlarken Konstantin kendisi \u015fiir yazmaya ba\u015flar. M\u00fctevaz\u0131 olmas\u0131na ra\u011fmen (sadece 15 \u015fiir) \u015fiirsel yarat\u0131m\u0131, onu Makedon sanatsal \u015fiirinin kurucusu olarak Makedon yeni edebiyat\u0131n\u0131n kaidesine yerle\u015ftirdi. 42 dilde 70 yorumu bulunan &#8220;T&#8217;ga za yug&#8221; \u015fark\u0131s\u0131yla her y\u0131l Struga \u015fiir ak\u015famlar\u0131 a\u00e7\u0131l\u0131rd\u0131. 1859&#8217;da Konstantin t\u00fcberk\u00fcloza yakaland\u0131 ve evine gitti. Bu arada, Bildirilerin bas\u0131m\u0131n\u0131 finanse etmeyi kabul eden H\u0131rvat piskopos Josip Juraj Strosmeier ile tan\u0131\u015f\u0131r.<\/span><span data-ccp-props=\"{&quot;201341983&quot;:0,&quot;335559739&quot;:160,&quot;335559740&quot;:279}\">&nbsp;<\/span><\/p>\n<p><span data-contrast=\"auto\">Miladinovci karde\u015flerin an\u0131s\u0131na Struga&#8217;daki evleri bir anma evine d\u00f6n\u00fc\u015ft\u00fcr\u00fcld\u00fc.<\/span><span data-ccp-props=\"{&quot;201341983&quot;:0,&quot;335559739&quot;:160,&quot;335559740&quot;:279}\">&nbsp;<\/span><\/p>\t\t\t\t\t\t<\/div>\n\t\t\t\t<\/div>\n\t\t\t\t<section class=\"elementor-section elementor-inner-section elementor-element elementor-element-f6b48c4 elementor-section-boxed elementor-section-height-default elementor-section-height-default\" data-id=\"f6b48c4\" data-element_type=\"section\">\n\t\t\t\t\t\t<div class=\"elementor-container elementor-column-gap-default\">\n\t\t\t\t\t<div class=\"elementor-column elementor-col-33 elementor-inner-column elementor-element elementor-element-793af90\" data-id=\"793af90\" data-element_type=\"column\">\n\t\t\t<div class=\"elementor-widget-wrap elementor-element-populated\">\n\t\t\t\t\t\t<div class=\"elementor-element elementor-element-275dce8 elementor-widget elementor-widget-image\" data-id=\"275dce8\" data-element_type=\"widget\" data-widget_type=\"image.default\">\n\t\t\t\t<div class=\"elementor-widget-container\">\n\t\t\t<style>\/*! elementor - v3.21.0 - 26-05-2024 *\/\n.elementor-widget-image{text-align:center}.elementor-widget-image a{display:inline-block}.elementor-widget-image a img[src$=\".svg\"]{width:48px}.elementor-widget-image img{vertical-align:middle;display:inline-block}<\/style>\t\t\t\t\t\t\t\t\t\t<img fetchpriority=\"high\" decoding=\"async\" width=\"1024\" height=\"641\" src=\"https:\/\/ooubrakamiladinovci.edu.mk\/tr\/wp-content\/uploads\/sites\/5\/2024\/02\/braka-miladinovci-1024x641.jpg\" class=\"attachment-large size-large wp-image-3350\" alt=\"\" srcset=\"https:\/\/ooubrakamiladinovci.edu.mk\/tr\/wp-content\/uploads\/sites\/5\/2024\/02\/braka-miladinovci-1024x641.jpg 1024w, https:\/\/ooubrakamiladinovci.edu.mk\/tr\/wp-content\/uploads\/sites\/5\/2024\/02\/braka-miladinovci-300x188.jpg 300w, https:\/\/ooubrakamiladinovci.edu.mk\/tr\/wp-content\/uploads\/sites\/5\/2024\/02\/braka-miladinovci-768x480.jpg 768w, https:\/\/ooubrakamiladinovci.edu.mk\/tr\/wp-content\/uploads\/sites\/5\/2024\/02\/braka-miladinovci.jpg 1119w\" sizes=\"(max-width: 1024px) 100vw, 1024px\" \/>\t\t\t\t\t\t\t\t\t\t\t\t\t<\/div>\n\t\t\t\t<\/div>\n\t\t\t\t\t<\/div>\n\t\t<\/div>\n\t\t\t\t<div class=\"elementor-column elementor-col-33 elementor-inner-column elementor-element elementor-element-ca30939\" data-id=\"ca30939\" data-element_type=\"column\">\n\t\t\t<div class=\"elementor-widget-wrap elementor-element-populated\">\n\t\t\t\t\t\t<div class=\"elementor-element elementor-element-de1c632 elementor-widget elementor-widget-image\" data-id=\"de1c632\" data-element_type=\"widget\" data-widget_type=\"image.default\">\n\t\t\t\t<div class=\"elementor-widget-container\">\n\t\t\t\t\t\t\t\t\t\t\t\t\t<img decoding=\"async\" width=\"225\" height=\"300\" src=\"https:\/\/ooubrakamiladinovci.edu.mk\/tr\/wp-content\/uploads\/sites\/5\/2024\/02\/braka-miladinovci-2.jpg\" class=\"attachment-large size-large wp-image-3353\" alt=\"\" \/>\t\t\t\t\t\t\t\t\t\t\t\t\t<\/div>\n\t\t\t\t<\/div>\n\t\t\t\t\t<\/div>\n\t\t<\/div>\n\t\t\t\t<div class=\"elementor-column elementor-col-33 elementor-inner-column elementor-element elementor-element-d02aaa1\" data-id=\"d02aaa1\" data-element_type=\"column\">\n\t\t\t<div class=\"elementor-widget-wrap elementor-element-populated\">\n\t\t\t\t\t\t<div class=\"elementor-element elementor-element-3573822 elementor-widget elementor-widget-image\" data-id=\"3573822\" data-element_type=\"widget\" data-widget_type=\"image.default\">\n\t\t\t\t<div class=\"elementor-widget-container\">\n\t\t\t\t\t\t\t\t\t\t\t\t\t<img decoding=\"async\" width=\"300\" height=\"225\" src=\"https:\/\/ooubrakamiladinovci.edu.mk\/tr\/wp-content\/uploads\/sites\/5\/2024\/02\/braka-miladinovci-house.jpg\" class=\"attachment-large size-large wp-image-3354\" alt=\"\" \/>\t\t\t\t\t\t\t\t\t\t\t\t\t<\/div>\n\t\t\t\t<\/div>\n\t\t\t\t\t<\/div>\n\t\t<\/div>\n\t\t\t\t\t<\/div>\n\t\t<\/section>\n\t\t\t\t\t<\/div>\n\t\t<\/div>\n\t\t\t\t\t<\/div>\n\t\t<\/section>\n\t\t\t\t<\/div>\n\t\t","protected":false},"excerpt":{"rendered":"<p>PATRON HAKKINDA Dimitar ve Konstantin Miladinovci Dimitar (Struga, 1810 &#8211; Konstantinopolis, 23 Ocak 1862) ve Konstantin (Struga, 1830 &#8211; Konstantinopolis, 18 Ocak 1862) Miladin karde\u015fler, 19. y\u00fczy\u0131l\u0131n ortalar\u0131ndan itibaren Makedonya&#8217;daki ulusal canlanman\u0131n kurucular\u0131d\u0131r. \u00c7\u00f6mlek\u00e7i Riste ve e\u015fi Sultana&#8217;n\u0131n sekiz \u00e7ocuklu bir ailesinde d\u00fcnyaya geldiler. \u0130lkokulu Struga&#8217;da, liseyi ise bug\u00fcnk\u00fc Yunanistan olan Yanya&#8217;da tamamlad\u0131lar. Karde\u015fler \u00f6\u011fretmen [&hellip;]<\/p>\n","protected":false},"author":1,"featured_media":3350,"parent":0,"menu_order":0,"comment_status":"closed","ping_status":"closed","template":"","meta":{"site-sidebar-layout":"no-sidebar","site-content-layout":"page-builder","ast-site-content-layout":"full-width-container","site-content-style":"unboxed","site-sidebar-style":"unboxed","ast-global-header-display":"","ast-banner-title-visibility":"","ast-main-header-display":"","ast-hfb-above-header-display":"","ast-hfb-below-header-display":"","ast-hfb-mobile-header-display":"","site-post-title":"disabled","ast-breadcrumbs-content":"","ast-featured-img":"disabled","footer-sml-layout":"","theme-transparent-header-meta":"default","adv-header-id-meta":"","stick-header-meta":"","header-above-stick-meta":"","header-main-stick-meta":"","header-below-stick-meta":"","astra-migrate-meta-layouts":"set","ast-page-background-enabled":"default","ast-page-background-meta":{"desktop":{"background-color":"var(--ast-global-color-4)","background-image":"","background-repeat":"repeat","background-position":"center center","background-size":"auto","background-attachment":"scroll","background-type":"","background-media":"","overlay-type":"","overlay-color":"","overlay-opacity":"","overlay-gradient":""},"tablet":{"background-color":"","background-image":"","background-repeat":"repeat","background-position":"center center","background-size":"auto","background-attachment":"scroll","background-type":"","background-media":"","overlay-type":"","overlay-color":"","overlay-opacity":"","overlay-gradient":""},"mobile":{"background-color":"","background-image":"","background-repeat":"repeat","background-position":"center center","background-size":"auto","background-attachment":"scroll","background-type":"","background-media":"","overlay-type":"","overlay-color":"","overlay-opacity":"","overlay-gradient":""}},"ast-content-background-meta":{"desktop":{"background-color":"var(--ast-global-color-5)","background-image":"","background-repeat":"repeat","background-position":"center center","background-size":"auto","background-attachment":"scroll","background-type":"","background-media":"","overlay-type":"","overlay-color":"","overlay-opacity":"","overlay-gradient":""},"tablet":{"background-color":"var(--ast-global-color-5)","background-image":"","background-repeat":"repeat","background-position":"center center","background-size":"auto","background-attachment":"scroll","background-type":"","background-media":"","overlay-type":"","overlay-color":"","overlay-opacity":"","overlay-gradient":""},"mobile":{"background-color":"var(--ast-global-color-5)","background-image":"","background-repeat":"repeat","background-position":"center center","background-size":"auto","background-attachment":"scroll","background-type":"","background-media":"","overlay-type":"","overlay-color":"","overlay-opacity":"","overlay-gradient":""}},"footnotes":""},"class_list":["post-3349","page","type-page","status-publish","has-post-thumbnail","hentry"],"yoast_head":"<!-- This site is optimized with the Yoast SEO plugin v22.8 - https:\/\/yoast.com\/wordpress\/plugins\/seo\/ -->\n<title>Patron Hakk\u0131nda - \u0130.\u00d6.O \u201eMiladinov Karde\u015fler\u201c - Struga<\/title>\n<meta name=\"robots\" content=\"noindex, follow, max-snippet:-1, max-image-preview:large, max-video-preview:-1\" \/>\n<meta property=\"og:locale\" content=\"en_US\" \/>\n<meta property=\"og:type\" content=\"article\" \/>\n<meta property=\"og:title\" content=\"Patron Hakk\u0131nda - \u0130.\u00d6.O \u201eMiladinov Karde\u015fler\u201c - Struga\" \/>\n<meta property=\"og:description\" content=\"PATRON HAKKINDA Dimitar ve Konstantin Miladinovci Dimitar (Struga, 1810 &#8211; Konstantinopolis, 23 Ocak 1862) ve Konstantin (Struga, 1830 &#8211; Konstantinopolis, 18 Ocak 1862) Miladin karde\u015fler, 19. y\u00fczy\u0131l\u0131n ortalar\u0131ndan itibaren Makedonya&#8217;daki ulusal canlanman\u0131n kurucular\u0131d\u0131r. \u00c7\u00f6mlek\u00e7i Riste ve e\u015fi Sultana&#8217;n\u0131n sekiz \u00e7ocuklu bir ailesinde d\u00fcnyaya geldiler. \u0130lkokulu Struga&#8217;da, liseyi ise bug\u00fcnk\u00fc Yunanistan olan Yanya&#8217;da tamamlad\u0131lar. Karde\u015fler \u00f6\u011fretmen [&hellip;]\" \/>\n<meta property=\"og:url\" content=\"https:\/\/ooubrakamiladinovci.edu.mk\/tr\/patron-hakkinda\/\" \/>\n<meta property=\"og:site_name\" content=\"\u0130.\u00d6.O \u201eMiladinov Karde\u015fler\u201c - Struga\" \/>\n<meta property=\"article:modified_time\" content=\"2024-06-27T14:39:59+00:00\" \/>\n<meta property=\"og:image\" content=\"https:\/\/ooubrakamiladinovci.edu.mk\/tr\/wp-content\/uploads\/sites\/5\/2024\/02\/braka-miladinovci.jpg\" \/>\n\t<meta property=\"og:image:width\" content=\"1119\" \/>\n\t<meta property=\"og:image:height\" content=\"700\" \/>\n\t<meta property=\"og:image:type\" content=\"image\/jpeg\" \/>\n<meta name=\"twitter:card\" content=\"summary_large_image\" \/>\n<meta name=\"twitter:label1\" content=\"Est. reading time\" \/>\n\t<meta name=\"twitter:data1\" content=\"2 minutes\" \/>\n<script type=\"application\/ld+json\" class=\"yoast-schema-graph\">{\"@context\":\"https:\/\/schema.org\",\"@graph\":[{\"@type\":\"WebPage\",\"@id\":\"https:\/\/ooubrakamiladinovci.edu.mk\/tr\/patron-hakkinda\/\",\"url\":\"https:\/\/ooubrakamiladinovci.edu.mk\/tr\/patron-hakkinda\/\",\"name\":\"Patron Hakk\u0131nda - \u0130.\u00d6.O \u201eMiladinov Karde\u015fler\u201c - Struga\",\"isPartOf\":{\"@id\":\"https:\/\/ooubrakamiladinovci.edu.mk\/tr\/#website\"},\"primaryImageOfPage\":{\"@id\":\"https:\/\/ooubrakamiladinovci.edu.mk\/tr\/patron-hakkinda\/#primaryimage\"},\"image\":{\"@id\":\"https:\/\/ooubrakamiladinovci.edu.mk\/tr\/patron-hakkinda\/#primaryimage\"},\"thumbnailUrl\":\"https:\/\/ooubrakamiladinovci.edu.mk\/tr\/wp-content\/uploads\/sites\/5\/2024\/02\/braka-miladinovci.jpg\",\"datePublished\":\"2024-02-01T13:37:00+00:00\",\"dateModified\":\"2024-06-27T14:39:59+00:00\",\"breadcrumb\":{\"@id\":\"https:\/\/ooubrakamiladinovci.edu.mk\/tr\/patron-hakkinda\/#breadcrumb\"},\"inLanguage\":\"en-US\",\"potentialAction\":[{\"@type\":\"ReadAction\",\"target\":[\"https:\/\/ooubrakamiladinovci.edu.mk\/tr\/patron-hakkinda\/\"]}]},{\"@type\":\"ImageObject\",\"inLanguage\":\"en-US\",\"@id\":\"https:\/\/ooubrakamiladinovci.edu.mk\/tr\/patron-hakkinda\/#primaryimage\",\"url\":\"https:\/\/ooubrakamiladinovci.edu.mk\/tr\/wp-content\/uploads\/sites\/5\/2024\/02\/braka-miladinovci.jpg\",\"contentUrl\":\"https:\/\/ooubrakamiladinovci.edu.mk\/tr\/wp-content\/uploads\/sites\/5\/2024\/02\/braka-miladinovci.jpg\",\"width\":1119,\"height\":700},{\"@type\":\"BreadcrumbList\",\"@id\":\"https:\/\/ooubrakamiladinovci.edu.mk\/tr\/patron-hakkinda\/#breadcrumb\",\"itemListElement\":[{\"@type\":\"ListItem\",\"position\":1,\"name\":\"Ba\u015flang\u0131\u00e7\",\"item\":\"https:\/\/ooubrakamiladinovci.edu.mk\/tr\/\"},{\"@type\":\"ListItem\",\"position\":2,\"name\":\"Patron Hakk\u0131nda\"}]},{\"@type\":\"WebSite\",\"@id\":\"https:\/\/ooubrakamiladinovci.edu.mk\/tr\/#website\",\"url\":\"https:\/\/ooubrakamiladinovci.edu.mk\/tr\/\",\"name\":\"\u0130.\u00d6.O \u201eMiladinov Karde\u015fler\u201c - Struga\",\"description\":\"\u041e\u041e\u0423 \u201e\u0411\u0440\u0430\u045c\u0430 \u041c\u0438\u043b\u0430\u0434\u0438\u043d\u043e\u0432\u0446\u0438\u201c - \u0421\u0442\u0440\u0443\u0433\u0430\",\"potentialAction\":[{\"@type\":\"SearchAction\",\"target\":{\"@type\":\"EntryPoint\",\"urlTemplate\":\"https:\/\/ooubrakamiladinovci.edu.mk\/tr\/?s={search_term_string}\"},\"query-input\":\"required name=search_term_string\"}],\"inLanguage\":\"en-US\"}]}<\/script>\n<!-- \/ Yoast SEO plugin. -->","yoast_head_json":{"title":"Patron Hakk\u0131nda - \u0130.\u00d6.O \u201eMiladinov Karde\u015fler\u201c - Struga","robots":{"index":"noindex","follow":"follow","max-snippet":"max-snippet:-1","max-image-preview":"max-image-preview:large","max-video-preview":"max-video-preview:-1"},"og_locale":"en_US","og_type":"article","og_title":"Patron Hakk\u0131nda - \u0130.\u00d6.O \u201eMiladinov Karde\u015fler\u201c - Struga","og_description":"PATRON HAKKINDA Dimitar ve Konstantin Miladinovci Dimitar (Struga, 1810 &#8211; Konstantinopolis, 23 Ocak 1862) ve Konstantin (Struga, 1830 &#8211; Konstantinopolis, 18 Ocak 1862) Miladin karde\u015fler, 19. y\u00fczy\u0131l\u0131n ortalar\u0131ndan itibaren Makedonya&#8217;daki ulusal canlanman\u0131n kurucular\u0131d\u0131r. \u00c7\u00f6mlek\u00e7i Riste ve e\u015fi Sultana&#8217;n\u0131n sekiz \u00e7ocuklu bir ailesinde d\u00fcnyaya geldiler. \u0130lkokulu Struga&#8217;da, liseyi ise bug\u00fcnk\u00fc Yunanistan olan Yanya&#8217;da tamamlad\u0131lar. Karde\u015fler \u00f6\u011fretmen [&hellip;]","og_url":"https:\/\/ooubrakamiladinovci.edu.mk\/tr\/patron-hakkinda\/","og_site_name":"\u0130.\u00d6.O \u201eMiladinov Karde\u015fler\u201c - Struga","article_modified_time":"2024-06-27T14:39:59+00:00","og_image":[{"width":1119,"height":700,"url":"https:\/\/ooubrakamiladinovci.edu.mk\/tr\/wp-content\/uploads\/sites\/5\/2024\/02\/braka-miladinovci.jpg","type":"image\/jpeg"}],"twitter_card":"summary_large_image","twitter_misc":{"Est. reading time":"2 minutes"},"schema":{"@context":"https:\/\/schema.org","@graph":[{"@type":"WebPage","@id":"https:\/\/ooubrakamiladinovci.edu.mk\/tr\/patron-hakkinda\/","url":"https:\/\/ooubrakamiladinovci.edu.mk\/tr\/patron-hakkinda\/","name":"Patron Hakk\u0131nda - \u0130.\u00d6.O \u201eMiladinov Karde\u015fler\u201c - Struga","isPartOf":{"@id":"https:\/\/ooubrakamiladinovci.edu.mk\/tr\/#website"},"primaryImageOfPage":{"@id":"https:\/\/ooubrakamiladinovci.edu.mk\/tr\/patron-hakkinda\/#primaryimage"},"image":{"@id":"https:\/\/ooubrakamiladinovci.edu.mk\/tr\/patron-hakkinda\/#primaryimage"},"thumbnailUrl":"https:\/\/ooubrakamiladinovci.edu.mk\/tr\/wp-content\/uploads\/sites\/5\/2024\/02\/braka-miladinovci.jpg","datePublished":"2024-02-01T13:37:00+00:00","dateModified":"2024-06-27T14:39:59+00:00","breadcrumb":{"@id":"https:\/\/ooubrakamiladinovci.edu.mk\/tr\/patron-hakkinda\/#breadcrumb"},"inLanguage":"en-US","potentialAction":[{"@type":"ReadAction","target":["https:\/\/ooubrakamiladinovci.edu.mk\/tr\/patron-hakkinda\/"]}]},{"@type":"ImageObject","inLanguage":"en-US","@id":"https:\/\/ooubrakamiladinovci.edu.mk\/tr\/patron-hakkinda\/#primaryimage","url":"https:\/\/ooubrakamiladinovci.edu.mk\/tr\/wp-content\/uploads\/sites\/5\/2024\/02\/braka-miladinovci.jpg","contentUrl":"https:\/\/ooubrakamiladinovci.edu.mk\/tr\/wp-content\/uploads\/sites\/5\/2024\/02\/braka-miladinovci.jpg","width":1119,"height":700},{"@type":"BreadcrumbList","@id":"https:\/\/ooubrakamiladinovci.edu.mk\/tr\/patron-hakkinda\/#breadcrumb","itemListElement":[{"@type":"ListItem","position":1,"name":"Ba\u015flang\u0131\u00e7","item":"https:\/\/ooubrakamiladinovci.edu.mk\/tr\/"},{"@type":"ListItem","position":2,"name":"Patron Hakk\u0131nda"}]},{"@type":"WebSite","@id":"https:\/\/ooubrakamiladinovci.edu.mk\/tr\/#website","url":"https:\/\/ooubrakamiladinovci.edu.mk\/tr\/","name":"\u0130.\u00d6.O \u201eMiladinov Karde\u015fler\u201c - Struga","description":"\u041e\u041e\u0423 \u201e\u0411\u0440\u0430\u045c\u0430 \u041c\u0438\u043b\u0430\u0434\u0438\u043d\u043e\u0432\u0446\u0438\u201c - \u0421\u0442\u0440\u0443\u0433\u0430","potentialAction":[{"@type":"SearchAction","target":{"@type":"EntryPoint","urlTemplate":"https:\/\/ooubrakamiladinovci.edu.mk\/tr\/?s={search_term_string}"},"query-input":"required name=search_term_string"}],"inLanguage":"en-US"}]}},"_links":{"self":[{"href":"https:\/\/ooubrakamiladinovci.edu.mk\/tr\/wp-json\/wp\/v2\/pages\/3349","targetHints":{"allow":["GET"]}}],"collection":[{"href":"https:\/\/ooubrakamiladinovci.edu.mk\/tr\/wp-json\/wp\/v2\/pages"}],"about":[{"href":"https:\/\/ooubrakamiladinovci.edu.mk\/tr\/wp-json\/wp\/v2\/types\/page"}],"author":[{"embeddable":true,"href":"https:\/\/ooubrakamiladinovci.edu.mk\/tr\/wp-json\/wp\/v2\/users\/1"}],"replies":[{"embeddable":true,"href":"https:\/\/ooubrakamiladinovci.edu.mk\/tr\/wp-json\/wp\/v2\/comments?post=3349"}],"version-history":[{"count":21,"href":"https:\/\/ooubrakamiladinovci.edu.mk\/tr\/wp-json\/wp\/v2\/pages\/3349\/revisions"}],"predecessor-version":[{"id":4187,"href":"https:\/\/ooubrakamiladinovci.edu.mk\/tr\/wp-json\/wp\/v2\/pages\/3349\/revisions\/4187"}],"wp:featuredmedia":[{"embeddable":true,"href":"https:\/\/ooubrakamiladinovci.edu.mk\/tr\/wp-json\/wp\/v2\/media\/3350"}],"wp:attachment":[{"href":"https:\/\/ooubrakamiladinovci.edu.mk\/tr\/wp-json\/wp\/v2\/media?parent=3349"}],"curies":[{"name":"wp","href":"https:\/\/api.w.org\/{rel}","templated":true}]}}