{"id":3409,"date":"2024-02-02T11:24:35","date_gmt":"2024-02-02T10:24:35","guid":{"rendered":"https:\/\/ooubrakamiladinovci.edu.mk\/sq\/?page_id=3409"},"modified":"2024-05-28T11:05:57","modified_gmt":"2024-05-28T09:05:57","slug":"cookies","status":"publish","type":"page","link":"https:\/\/ooubrakamiladinovci.edu.mk\/sq\/cookies\/","title":{"rendered":"Politika p\u00ebr p\u00ebrdorimin e cookies"},"content":{"rendered":"\t\t<div data-elementor-type=\"wp-page\" data-elementor-id=\"3409\" class=\"elementor elementor-3409\" data-elementor-post-type=\"page\">\n\t\t\t\t\t\t<section class=\"elementor-section elementor-top-section elementor-element elementor-element-ff26bd1 elementor-section-height-min-height elementor-section-boxed elementor-section-height-default elementor-section-items-middle\" data-id=\"ff26bd1\" data-element_type=\"section\" data-settings=\"{&quot;background_background&quot;:&quot;classic&quot;}\">\n\t\t\t\t\t\t\t<div class=\"elementor-background-overlay\"><\/div>\n\t\t\t\t\t\t\t<div class=\"elementor-container elementor-column-gap-default\">\n\t\t\t\t\t<div class=\"elementor-column elementor-col-100 elementor-top-column elementor-element elementor-element-e72937e\" data-id=\"e72937e\" data-element_type=\"column\">\n\t\t\t<div class=\"elementor-widget-wrap elementor-element-populated\">\n\t\t\t\t\t\t<div class=\"elementor-element elementor-element-57a73e1 elementor-widget elementor-widget-heading\" data-id=\"57a73e1\" data-element_type=\"widget\" data-widget_type=\"heading.default\">\n\t\t\t\t<div class=\"elementor-widget-container\">\n\t\t\t<style>\/*! elementor - v3.21.0 - 26-05-2024 *\/\n.elementor-heading-title{padding:0;margin:0;line-height:1}.elementor-widget-heading .elementor-heading-title[class*=elementor-size-]>a{color:inherit;font-size:inherit;line-height:inherit}.elementor-widget-heading .elementor-heading-title.elementor-size-small{font-size:15px}.elementor-widget-heading .elementor-heading-title.elementor-size-medium{font-size:19px}.elementor-widget-heading .elementor-heading-title.elementor-size-large{font-size:29px}.elementor-widget-heading .elementor-heading-title.elementor-size-xl{font-size:39px}.elementor-widget-heading .elementor-heading-title.elementor-size-xxl{font-size:59px}<\/style><h2 class=\"elementor-heading-title elementor-size-default\">Politika p\u00ebr p\u00ebrdorimin e cookies<\/h2>\t\t<\/div>\n\t\t\t\t<\/div>\n\t\t\t\t<div class=\"elementor-element elementor-element-4178814 elementor-align-center elementor-widget elementor-widget-breadcrumbs\" data-id=\"4178814\" data-element_type=\"widget\" data-widget_type=\"breadcrumbs.default\">\n\t\t\t\t<div class=\"elementor-widget-container\">\n\t\t\t<link rel=\"stylesheet\" href=\"https:\/\/ooubrakamiladinovci.edu.mk\/sq\/wp-content\/plugins\/elementor-pro\/assets\/css\/widget-theme-elements.min.css\"><p id=\"breadcrumbs\"><span><span><a href=\"https:\/\/ooubrakamiladinovci.edu.mk\/sq\/\">Ballina<\/a><\/span><\/span><\/p>\t\t<\/div>\n\t\t\t\t<\/div>\n\t\t\t\t\t<\/div>\n\t\t<\/div>\n\t\t\t\t\t<\/div>\n\t\t<\/section>\n\t\t\t\t<section class=\"elementor-section elementor-top-section elementor-element elementor-element-b2b5e89 elementor-section-boxed elementor-section-height-default elementor-section-height-default\" data-id=\"b2b5e89\" data-element_type=\"section\">\n\t\t\t\t\t\t<div class=\"elementor-container elementor-column-gap-default\">\n\t\t\t\t\t<div class=\"elementor-column elementor-col-100 elementor-top-column elementor-element elementor-element-a96354d\" data-id=\"a96354d\" data-element_type=\"column\">\n\t\t\t<div class=\"elementor-widget-wrap elementor-element-populated\">\n\t\t\t\t\t\t<div class=\"elementor-element elementor-element-6251f41 elementor-widget elementor-widget-heading\" data-id=\"6251f41\" data-element_type=\"widget\" data-widget_type=\"heading.default\">\n\t\t\t\t<div class=\"elementor-widget-container\">\n\t\t\t<h2 class=\"elementor-heading-title elementor-size-default\">Politika p\u00ebr p\u00ebrdorimin e cookies<\/h2>\t\t<\/div>\n\t\t\t\t<\/div>\n\t\t\t\t<div class=\"elementor-element elementor-element-2c55fcd elementor-widget elementor-widget-text-editor\" data-id=\"2c55fcd\" data-element_type=\"widget\" data-widget_type=\"text-editor.default\">\n\t\t\t\t<div class=\"elementor-widget-container\">\n\t\t\t<style>\/*! elementor - v3.21.0 - 26-05-2024 *\/\n.elementor-widget-text-editor.elementor-drop-cap-view-stacked .elementor-drop-cap{background-color:#69727d;color:#fff}.elementor-widget-text-editor.elementor-drop-cap-view-framed .elementor-drop-cap{color:#69727d;border:3px solid;background-color:transparent}.elementor-widget-text-editor:not(.elementor-drop-cap-view-default) .elementor-drop-cap{margin-top:8px}.elementor-widget-text-editor:not(.elementor-drop-cap-view-default) .elementor-drop-cap-letter{width:1em;height:1em}.elementor-widget-text-editor .elementor-drop-cap{float:left;text-align:center;line-height:1;font-size:50px}.elementor-widget-text-editor .elementor-drop-cap-letter{display:inline-block}<\/style>\t\t\t\t<div>\n<div role=\"main\">\n<article>\n<div>\n<p><strong>Kjo politik\u00eb e cookie-ve shpjegon se \u00e7far\u00eb jan\u00eb cookie-t dhe si i p\u00ebrdorim ato, llojet e cookie-ve q\u00eb p\u00ebrdorim, informacionin q\u00eb mbledhim duke p\u00ebrdorur cookie-t dhe si p\u00ebrdoret ai informacion, dhe si t\u00eb kontrolloni preferencat tuaja t\u00eb cookie-ve.<\/strong><\/p>\n<p>P\u00ebr m\u00eb shum\u00eb informacion rreth m\u00ebnyr\u00ebs se si ne p\u00ebrdorim dhe ruajm\u00eb t\u00eb dh\u00ebnat tuaja personale, shihni Politik\u00ebn ton\u00eb t\u00eb Privat\u00ebsis\u00eb. Ju mund t\u00eb ndryshoni ose t\u00ebrhiqni p\u00eblqimin tuaj p\u00ebr Deklarat\u00ebn e Cookie n\u00eb faqen ton\u00eb t\u00eb internetit n\u00eb \u00e7do koh\u00eb. M\u00ebsoni m\u00eb shum\u00eb se kush jemi ne, si mund t\u00eb na kontaktoni dhe si i p\u00ebrpunojm\u00eb t\u00eb dh\u00ebnat personale n\u00eb <a href=\"\/sq\/politika-e-privatesise\">Politik\u00ebn ton\u00eb t\u00eb Privat\u00ebsis\u00eb<\/a>. P\u00eblqimi juaj vlen p\u00ebr domenet e m\u00ebposhtme: <a href=\"http:\/\/ooubrakamiladinovci.edu.mk\">ooubrakamiladinovci.edu.mk<\/a>.<\/p>\n<h3>\u00c7far\u00eb jan\u00eb cookies?<\/h3>\n<p>Cookies jan\u00eb skedar\u00eb t\u00eb vegj\u00ebl teksti t\u00eb vendosura n\u00eb kompjuterin ose telefonin tuaj celular nga faqet e internetit q\u00eb vizitoni. K\u00ebta skedar\u00eb teksti mund t\u00eb lexohen nga faqet e internetit q\u00eb vizitoni dhe ndihmojn\u00eb n\u00eb identifikimin tuaj kur hapni p\u00ebrs\u00ebri faqen e internetit. K\u00ebto skedar\u00eb teksti mund t\u00eb jen\u00eb &#8220;t\u00eb p\u00ebrhersh\u00ebm&#8221; ose &#8220;t\u00eb p\u00ebrkohsh\u00ebm&#8221;.<\/p>\n<p>Cookies t\u00eb p\u00ebrhershme mbeten n\u00eb kompjuterin tuaj edhe kur fikni shfletuesin (kaloni jasht\u00eb linje), nd\u00ebrsa skedar\u00ebt e p\u00ebrkohsh\u00ebm fshihen sapo t\u00eb mbyllni shfletuesin e internetit. Cookies p\u00ebrdoren p\u00ebr disa q\u00ebllime, t\u00eb tilla si p\u00ebr t\u00eb kujtuar aktivitetet dhe preferencat tuaja (p\u00ebrfshirjet, preferencat gjuh\u00ebsore, madh\u00ebsia e shkronjave ose m\u00ebnyra se si ju shfaqet faqja), p\u00ebr t\u00eb ofruar p\u00ebrmbajtje t\u00eb personalizuar\/p\u00ebrshtatur n\u00eb faqen e internetit dhe p\u00ebr t\u00eb shfaqur historin\u00eb e navigimit t\u00eb nj\u00ebjt\u00eb.<\/p>\n<h3>Pse p\u00ebrdorim cookies?<\/h3>\n<p>Ashtu si shumica e sh\u00ebrbimeve online, faqja jon\u00eb e internetit p\u00ebrdor cookie-t e pal\u00ebve t\u00eb para dhe t\u00eb pal\u00ebve t\u00eb treta p\u00ebr disa q\u00ebllime. Cookie-t e pal\u00ebs s\u00eb par\u00eb jan\u00eb kryesisht t\u00eb nevojshme q\u00eb faqja e internetit t\u00eb funksionoj\u00eb si\u00e7 duhet dhe ato nuk mbledhin asnj\u00eb nga t\u00eb dh\u00ebnat tuaja personale.<\/p>\n<p>Kukit e pal\u00ebve t\u00eb treta t\u00eb p\u00ebrdorura n\u00eb faqen ton\u00eb t\u00eb internetit jan\u00eb kryesisht p\u00ebr t\u00eb kuptuar se si funksionon faqja e internetit, si nd\u00ebrveproni me faqen ton\u00eb t\u00eb internetit, p\u00ebr t\u00eb mbajtur sh\u00ebrbimet tona t\u00eb sigurta, p\u00ebr t\u00eb ofruar reklama q\u00eb jan\u00eb t\u00eb r\u00ebnd\u00ebsishme p\u00ebr ju dhe p\u00ebr t&#8217;ju ofruar p\u00ebrvoj\u00eb m\u00eb t\u00eb mir\u00eb dhe t\u00eb p\u00ebrmir\u00ebsuar t\u00eb p\u00ebrdoruesit dhe p\u00ebr t\u00eb ndihmuar n\u00eb p\u00ebrshpejtimin nd\u00ebrveprimet tuaja t\u00eb ardhshme me faqen ton\u00eb t\u00eb internetit.<\/p>\n<p>N\u00eb k\u00ebt\u00eb faqe interneti, ne p\u00ebrdorim cookies p\u00ebr arsyet e m\u00ebposhtme: P\u00ebr funksionimin teknik t\u00eb faqes n\u00eb internet P\u00ebr mbledhjen e t\u00eb dh\u00ebnave statistikore t\u00eb p\u00ebrgjithshme dhe anonime P\u00ebr t\u00eb mbajtur mend preferencat tuaja p\u00ebr m\u00ebnyr\u00ebn e shfaqjes s\u00eb faqes (preferencat p\u00ebr parametrat e ekranit), si p.sh shembull kontrasti i ngjyr\u00ebs ose madh\u00ebsis\u00eb s\u00eb fontit P\u00ebr t\u00eb kujtuar\/kujtuar n\u00ebse jeni dakord (ose jo) me p\u00ebrdorimin ton\u00eb t\u00eb cookies n\u00eb k\u00ebt\u00eb faqe interneti.<\/p>\n<p>Kur vizitoni faqen ton\u00eb t\u00eb internetit, ne mund t\u00eb mbledhim disa t\u00eb dh\u00ebna nga k\u00ebrkimi juaj, si p.sh. adres\u00ebn tuaj IP, cil\u00ebn p\u00ebrmbajtje t\u00eb faqes son\u00eb t\u00eb internetit keni vizituar, kur e keni vizituar at\u00eb dhe nga cila faqe interneti jeni ridrejtuar.<\/p>\n<p>Kur vizitoni faqen ton\u00eb t\u00eb internetit, ne p\u00ebrdorim sh\u00ebrbimin e pal\u00ebve t\u00eb treta Google Analytics p\u00ebr t\u00eb mbledhur informacione standarde n\u00eb lidhje me aksesin dhe detajet e sjelljes s\u00eb vizitor\u00ebve, por n\u00eb nj\u00eb m\u00ebnyr\u00eb q\u00eb t\u00eb mos lejoj\u00eb ask\u00ebnd t\u00eb identifikohet dhe as t\u00eb jet\u00eb e mundur q\u00eb Google t\u00eb zbuloj\u00eb identitetin nga ata q\u00eb e vizituan faqen ton\u00eb t\u00eb internetit.<\/p>\n<p>N\u00ebse lini nj\u00eb koment n\u00eb faqen ton\u00eb, ju mund t\u00eb zgjidhni t\u00eb ruani emrin, adres\u00ebn e emailit dhe faqen tuaj te internetit n\u00eb cookies. K\u00ebto jan\u00eb p\u00ebr leht\u00ebsin\u00eb tuaj, n\u00eb m\u00ebnyr\u00eb q\u00eb t\u00eb mos keni nevoj\u00eb t\u00eb plot\u00ebsoni p\u00ebrs\u00ebri t\u00eb dh\u00ebnat tuaja kur t\u00eb lini nj\u00eb koment tjet\u00ebr. K\u00ebto biskota do t\u00eb zgjasin p\u00ebr nj\u00eb vit.<\/p>\n<p>N\u00ebse vizitoni faqen ton\u00eb t\u00eb identifikimit, ne do t\u00eb vendosim nj\u00eb cookie t\u00eb p\u00ebrkohshme p\u00ebr t\u00eb p\u00ebrcaktuar n\u00ebse shfletuesi juaj pranon cookie. Kjo cookie nuk p\u00ebrmban t\u00eb dh\u00ebna personale dhe hidhet posht\u00eb kur mbyllni shfletuesin tuaj.<\/p>\n<p>Kur t\u00eb identifikoheni, ne do t\u00eb vendosim gjithashtu disa cookie p\u00ebr t\u00eb ruajtur informacionin tuaj t\u00eb hyrjes dhe zgjedhjet e ekranit. Kukit e hyrjes zgjasin dy dit\u00eb dhe skedar\u00ebt e opsioneve t\u00eb shfaqjes zgjasin nj\u00eb vit. N\u00ebse zgjidhni &#8220;M\u00eb mbaj mend&#8221;, identifikimi juaj do t\u00eb zgjas\u00eb p\u00ebr dy jav\u00eb. N\u00ebse dilni nga llogaria juaj, cookie-t e hyrjes do t\u00eb hiqen.<\/p>\n<p>N\u00ebse redaktoni ose publikoni nj\u00eb artikull, nj\u00eb cookie shtes\u00eb do t\u00eb ruhet n\u00eb shfletuesin tuaj. Kjo cookie nuk p\u00ebrfshin t\u00eb dh\u00ebna personale dhe thjesht tregon ID-n\u00eb e postimit t\u00eb artikullit q\u00eb sapo keni redaktuar. Skadon pas 1 dite.<\/p>\n<\/div>\n<div>\n<h3>\u00c7far\u00eb lloj cookie p\u00ebrdorim?<\/h3>\n<p>Ne p\u00ebrdorim cookie t\u00eb vazhdueshme, t\u00eb cilat kujtojn\u00eb k\u00ebrkimin\/sesionin kur p\u00ebrdoruesi mbyll shfletuesin, p\u00ebr t\u00eb ruajtur gjendjen e p\u00ebrdoruesit.<\/p>\n<h3>Mund t\u00eb fshini ose kontrolloni cookies?<\/h3>\n<p>Informacioni n\u00eb lidhje me cookies nuk p\u00ebrdoret p\u00ebr identifikimin tuaj personal. Pranimi i k\u00ebtyre cookies nuk \u00ebsht\u00eb i nevojsh\u00ebm p\u00ebr funksionimin e sajtit, por ato do t&#8217;ju ofrojn\u00eb nj\u00eb p\u00ebrvoj\u00eb m\u00eb t\u00eb mir\u00eb shfletimi.<\/p>\n<p>N\u00ebse i d\u00ebshironi k\u00ebto cookie, mund t&#8217;i fshini ose t&#8217;i bllokoni, por n\u00ebse e b\u00ebni k\u00ebt\u00eb, disa ve\u00e7ori t\u00eb k\u00ebsaj faqeje interneti mund t\u00eb mos funksionojn\u00eb si\u00e7 duhet. N\u00ebse e b\u00ebni k\u00ebt\u00eb, mund t&#8217;ju duhet t\u00eb rregulloni manualisht preferencat tuaja sa her\u00eb q\u00eb vizitoni nj\u00eb faqe interneti dhe disa sh\u00ebrbime dhe funksionalitete mund t\u00eb mos funksionojn\u00eb.<\/p>\n<p>P\u00ebrve\u00e7 k\u00ebsaj, shfletues t\u00eb ndrysh\u00ebm ofrojn\u00eb metoda t\u00eb ndryshme p\u00ebr bllokimin dhe fshirjen e cookies t\u00eb p\u00ebrdorura nga faqet e internetit. Ju mund t\u00eb ndryshoni cil\u00ebsimet e shfletuesit tuaj p\u00ebr t\u00eb bllokuar\/fshir\u00eb cookies. P\u00ebr t\u00eb m\u00ebsuar m\u00eb shum\u00eb rreth m\u00ebnyr\u00ebs s\u00eb menaxhimit dhe fshirjes s\u00eb cookies, vizitoni: <a href=\"http:\/\/wikipedia.org\">wikipedia.org<\/a>, <a href=\"http:\/\/www.allaboutcookies.org\">www.allaboutcookies.org.<\/a><\/p>\n<\/div>\n<\/article>\n<\/div>\n<\/div>\n<footer role=\"contentinfo\">\n<div data-elementor-type=\"footer\" data-elementor-id=\"422\">\n<section data-id=\"271de1af\" data-element_type=\"section\" data-settings=\"{&quot;jet_parallax_layout_list&quot;:[{&quot;_id&quot;:&quot;24f9ec5&quot;,&quot;jet_parallax_layout_image&quot;:{&quot;url&quot;:&quot;&quot;,&quot;id&quot;:&quot;&quot;,&quot;size&quot;:&quot;&quot;},&quot;jet_parallax_layout_image_tablet&quot;:{&quot;url&quot;:&quot;&quot;,&quot;id&quot;:&quot;&quot;,&quot;size&quot;:&quot;&quot;},&quot;jet_parallax_layout_image_mobile&quot;:{&quot;url&quot;:&quot;&quot;,&quot;id&quot;:&quot;&quot;,&quot;size&quot;:&quot;&quot;},&quot;jet_parallax_layout_speed&quot;:{&quot;unit&quot;:&quot;%&quot;,&quot;size&quot;:50,&quot;sizes&quot;:[]},&quot;jet_parallax_layout_type&quot;:&quot;scroll&quot;,&quot;jet_parallax_layout_direction&quot;:null,&quot;jet_parallax_layout_fx_direction&quot;:null,&quot;jet_parallax_layout_z_index&quot;:&quot;&quot;,&quot;jet_parallax_layout_bg_x&quot;:50,&quot;jet_parallax_layout_bg_x_tablet&quot;:&quot;&quot;,&quot;jet_parallax_layout_bg_x_mobile&quot;:&quot;&quot;,&quot;jet_parallax_layout_bg_y&quot;:50,&quot;jet_parallax_layout_bg_y_tablet&quot;:&quot;&quot;,&quot;jet_parallax_layout_bg_y_mobile&quot;:&quot;&quot;,&quot;jet_parallax_layout_bg_size&quot;:&quot;auto&quot;,&quot;jet_parallax_layout_bg_size_tablet&quot;:&quot;&quot;,&quot;jet_parallax_layout_bg_size_mobile&quot;:&quot;&quot;,&quot;jet_parallax_layout_animation_prop&quot;:&quot;transform&quot;,&quot;jet_parallax_layout_on&quot;:[&quot;desktop&quot;,&quot;tablet&quot;]}],&quot;background_background&quot;:&quot;classic&quot;}\">\n<div>&nbsp;<\/div>\n<\/section>\n<\/div>\n<\/footer>\t\t\t\t\t\t<\/div>\n\t\t\t\t<\/div>\n\t\t\t\t\t<\/div>\n\t\t<\/div>\n\t\t\t\t\t<\/div>\n\t\t<\/section>\n\t\t\t\t<\/div>\n\t\t","protected":false},"excerpt":{"rendered":"<p>Politika p\u00ebr p\u00ebrdorimin e cookies Politika p\u00ebr p\u00ebrdorimin e cookies Kjo politik\u00eb e cookie-ve shpjegon se \u00e7far\u00eb jan\u00eb cookie-t dhe si i p\u00ebrdorim ato, llojet e cookie-ve q\u00eb p\u00ebrdorim, informacionin q\u00eb mbledhim duke p\u00ebrdorur cookie-t dhe si p\u00ebrdoret ai informacion, dhe si t\u00eb kontrolloni preferencat tuaja t\u00eb cookie-ve. P\u00ebr m\u00eb shum\u00eb informacion rreth m\u00ebnyr\u00ebs se [&hellip;]<\/p>\n","protected":false},"author":1,"featured_media":0,"parent":0,"menu_order":0,"comment_status":"closed","ping_status":"closed","template":"","meta":{"site-sidebar-layout":"no-sidebar","site-content-layout":"page-builder","ast-site-content-layout":"full-width-container","site-content-style":"unboxed","site-sidebar-style":"unboxed","ast-global-header-display":"","ast-banner-title-visibility":"","ast-main-header-display":"","ast-hfb-above-header-display":"","ast-hfb-below-header-display":"","ast-hfb-mobile-header-display":"","site-post-title":"disabled","ast-breadcrumbs-content":"","ast-featured-img":"disabled","footer-sml-layout":"","theme-transparent-header-meta":"default","adv-header-id-meta":"","stick-header-meta":"","header-above-stick-meta":"","header-main-stick-meta":"","header-below-stick-meta":"","astra-migrate-meta-layouts":"set","ast-page-background-enabled":"default","ast-page-background-meta":{"desktop":{"background-color":"var(--ast-global-color-4)","background-image":"","background-repeat":"repeat","background-position":"center center","background-size":"auto","background-attachment":"scroll","background-type":"","background-media":"","overlay-type":"","overlay-color":"","overlay-opacity":"","overlay-gradient":""},"tablet":{"background-color":"","background-image":"","background-repeat":"repeat","background-position":"center center","background-size":"auto","background-attachment":"scroll","background-type":"","background-media":"","overlay-type":"","overlay-color":"","overlay-opacity":"","overlay-gradient":""},"mobile":{"background-color":"","background-image":"","background-repeat":"repeat","background-position":"center center","background-size":"auto","background-attachment":"scroll","background-type":"","background-media":"","overlay-type":"","overlay-color":"","overlay-opacity":"","overlay-gradient":""}},"ast-content-background-meta":{"desktop":{"background-color":"var(--ast-global-color-5)","background-image":"","background-repeat":"repeat","background-position":"center center","background-size":"auto","background-attachment":"scroll","background-type":"","background-media":"","overlay-type":"","overlay-color":"","overlay-opacity":"","overlay-gradient":""},"tablet":{"background-color":"var(--ast-global-color-5)","background-image":"","background-repeat":"repeat","background-position":"center center","background-size":"auto","background-attachment":"scroll","background-type":"","background-media":"","overlay-type":"","overlay-color":"","overlay-opacity":"","overlay-gradient":""},"mobile":{"background-color":"var(--ast-global-color-5)","background-image":"","background-repeat":"repeat","background-position":"center center","background-size":"auto","background-attachment":"scroll","background-type":"","background-media":"","overlay-type":"","overlay-color":"","overlay-opacity":"","overlay-gradient":""}},"footnotes":""},"class_list":["post-3409","page","type-page","status-publish","hentry"],"yoast_head":"<!-- This site is optimized with the Yoast SEO plugin v22.8 - https:\/\/yoast.com\/wordpress\/plugins\/seo\/ -->\n<title>Politika p\u00ebr p\u00ebrdorimin e cookies - SHFK ,,V\u00ebllez\u00ebrit Milladinovci&quot; - Strug\u00eb<\/title>\n<meta name=\"robots\" content=\"noindex, follow, max-snippet:-1, max-image-preview:large, max-video-preview:-1\" \/>\n<meta property=\"og:locale\" content=\"en_US\" \/>\n<meta property=\"og:type\" content=\"article\" \/>\n<meta property=\"og:title\" content=\"Politika p\u00ebr p\u00ebrdorimin e cookies - SHFK ,,V\u00ebllez\u00ebrit Milladinovci&quot; - Strug\u00eb\" \/>\n<meta property=\"og:description\" content=\"Politika p\u00ebr p\u00ebrdorimin e cookies Politika p\u00ebr p\u00ebrdorimin e cookies Kjo politik\u00eb e cookie-ve shpjegon se \u00e7far\u00eb jan\u00eb cookie-t dhe si i p\u00ebrdorim ato, llojet e cookie-ve q\u00eb p\u00ebrdorim, informacionin q\u00eb mbledhim duke p\u00ebrdorur cookie-t dhe si p\u00ebrdoret ai informacion, dhe si t\u00eb kontrolloni preferencat tuaja t\u00eb cookie-ve. P\u00ebr m\u00eb shum\u00eb informacion rreth m\u00ebnyr\u00ebs se [&hellip;]\" \/>\n<meta property=\"og:url\" content=\"https:\/\/ooubrakamiladinovci.edu.mk\/sq\/cookies\/\" \/>\n<meta property=\"og:site_name\" content=\"SHFK ,,V\u00ebllez\u00ebrit Milladinovci&quot; - Strug\u00eb\" \/>\n<meta property=\"article:modified_time\" content=\"2024-05-28T09:05:57+00:00\" \/>\n<meta name=\"twitter:card\" content=\"summary_large_image\" \/>\n<meta name=\"twitter:label1\" content=\"Est. reading time\" \/>\n\t<meta name=\"twitter:data1\" content=\"5 minutes\" \/>\n<script type=\"application\/ld+json\" class=\"yoast-schema-graph\">{\"@context\":\"https:\/\/schema.org\",\"@graph\":[{\"@type\":\"WebPage\",\"@id\":\"https:\/\/ooubrakamiladinovci.edu.mk\/sq\/cookies\/\",\"url\":\"https:\/\/ooubrakamiladinovci.edu.mk\/sq\/cookies\/\",\"name\":\"Politika p\u00ebr p\u00ebrdorimin e cookies - SHFK ,,V\u00ebllez\u00ebrit Milladinovci\\\" - Strug\u00eb\",\"isPartOf\":{\"@id\":\"https:\/\/ooubrakamiladinovci.edu.mk\/sq\/#website\"},\"datePublished\":\"2024-02-02T10:24:35+00:00\",\"dateModified\":\"2024-05-28T09:05:57+00:00\",\"breadcrumb\":{\"@id\":\"https:\/\/ooubrakamiladinovci.edu.mk\/sq\/cookies\/#breadcrumb\"},\"inLanguage\":\"en-US\",\"potentialAction\":[{\"@type\":\"ReadAction\",\"target\":[\"https:\/\/ooubrakamiladinovci.edu.mk\/sq\/cookies\/\"]}]},{\"@type\":\"BreadcrumbList\",\"@id\":\"https:\/\/ooubrakamiladinovci.edu.mk\/sq\/cookies\/#breadcrumb\",\"itemListElement\":[{\"@type\":\"ListItem\",\"position\":1,\"name\":\"Ballina\",\"item\":\"https:\/\/ooubrakamiladinovci.edu.mk\/sq\/\"},{\"@type\":\"ListItem\",\"position\":2,\"name\":\"Politika p\u00ebr p\u00ebrdorimin e cookies\"}]},{\"@type\":\"WebSite\",\"@id\":\"https:\/\/ooubrakamiladinovci.edu.mk\/sq\/#website\",\"url\":\"https:\/\/ooubrakamiladinovci.edu.mk\/sq\/\",\"name\":\"SHFK ,,V\u00ebllez\u00ebrit Milladinovci\\\" - Strug\u00eb\",\"description\":\"\u041e\u041e\u0423 \u201e\u0411\u0440\u0430\u045c\u0430 \u041c\u0438\u043b\u0430\u0434\u0438\u043d\u043e\u0432\u0446\u0438\u201c - \u0421\u0442\u0440\u0443\u0433\u0430\",\"potentialAction\":[{\"@type\":\"SearchAction\",\"target\":{\"@type\":\"EntryPoint\",\"urlTemplate\":\"https:\/\/ooubrakamiladinovci.edu.mk\/sq\/?s={search_term_string}\"},\"query-input\":\"required name=search_term_string\"}],\"inLanguage\":\"en-US\"}]}<\/script>\n<!-- \/ Yoast SEO plugin. -->","yoast_head_json":{"title":"Politika p\u00ebr p\u00ebrdorimin e cookies - SHFK ,,V\u00ebllez\u00ebrit Milladinovci\" - Strug\u00eb","robots":{"index":"noindex","follow":"follow","max-snippet":"max-snippet:-1","max-image-preview":"max-image-preview:large","max-video-preview":"max-video-preview:-1"},"og_locale":"en_US","og_type":"article","og_title":"Politika p\u00ebr p\u00ebrdorimin e cookies - SHFK ,,V\u00ebllez\u00ebrit Milladinovci\" - Strug\u00eb","og_description":"Politika p\u00ebr p\u00ebrdorimin e cookies Politika p\u00ebr p\u00ebrdorimin e cookies Kjo politik\u00eb e cookie-ve shpjegon se \u00e7far\u00eb jan\u00eb cookie-t dhe si i p\u00ebrdorim ato, llojet e cookie-ve q\u00eb p\u00ebrdorim, informacionin q\u00eb mbledhim duke p\u00ebrdorur cookie-t dhe si p\u00ebrdoret ai informacion, dhe si t\u00eb kontrolloni preferencat tuaja t\u00eb cookie-ve. P\u00ebr m\u00eb shum\u00eb informacion rreth m\u00ebnyr\u00ebs se [&hellip;]","og_url":"https:\/\/ooubrakamiladinovci.edu.mk\/sq\/cookies\/","og_site_name":"SHFK ,,V\u00ebllez\u00ebrit Milladinovci\" - Strug\u00eb","article_modified_time":"2024-05-28T09:05:57+00:00","twitter_card":"summary_large_image","twitter_misc":{"Est. reading time":"5 minutes"},"schema":{"@context":"https:\/\/schema.org","@graph":[{"@type":"WebPage","@id":"https:\/\/ooubrakamiladinovci.edu.mk\/sq\/cookies\/","url":"https:\/\/ooubrakamiladinovci.edu.mk\/sq\/cookies\/","name":"Politika p\u00ebr p\u00ebrdorimin e cookies - SHFK ,,V\u00ebllez\u00ebrit Milladinovci\" - Strug\u00eb","isPartOf":{"@id":"https:\/\/ooubrakamiladinovci.edu.mk\/sq\/#website"},"datePublished":"2024-02-02T10:24:35+00:00","dateModified":"2024-05-28T09:05:57+00:00","breadcrumb":{"@id":"https:\/\/ooubrakamiladinovci.edu.mk\/sq\/cookies\/#breadcrumb"},"inLanguage":"en-US","potentialAction":[{"@type":"ReadAction","target":["https:\/\/ooubrakamiladinovci.edu.mk\/sq\/cookies\/"]}]},{"@type":"BreadcrumbList","@id":"https:\/\/ooubrakamiladinovci.edu.mk\/sq\/cookies\/#breadcrumb","itemListElement":[{"@type":"ListItem","position":1,"name":"Ballina","item":"https:\/\/ooubrakamiladinovci.edu.mk\/sq\/"},{"@type":"ListItem","position":2,"name":"Politika p\u00ebr p\u00ebrdorimin e cookies"}]},{"@type":"WebSite","@id":"https:\/\/ooubrakamiladinovci.edu.mk\/sq\/#website","url":"https:\/\/ooubrakamiladinovci.edu.mk\/sq\/","name":"SHFK ,,V\u00ebllez\u00ebrit Milladinovci\" - Strug\u00eb","description":"\u041e\u041e\u0423 \u201e\u0411\u0440\u0430\u045c\u0430 \u041c\u0438\u043b\u0430\u0434\u0438\u043d\u043e\u0432\u0446\u0438\u201c - \u0421\u0442\u0440\u0443\u0433\u0430","potentialAction":[{"@type":"SearchAction","target":{"@type":"EntryPoint","urlTemplate":"https:\/\/ooubrakamiladinovci.edu.mk\/sq\/?s={search_term_string}"},"query-input":"required name=search_term_string"}],"inLanguage":"en-US"}]}},"_links":{"self":[{"href":"https:\/\/ooubrakamiladinovci.edu.mk\/sq\/wp-json\/wp\/v2\/pages\/3409","targetHints":{"allow":["GET"]}}],"collection":[{"href":"https:\/\/ooubrakamiladinovci.edu.mk\/sq\/wp-json\/wp\/v2\/pages"}],"about":[{"href":"https:\/\/ooubrakamiladinovci.edu.mk\/sq\/wp-json\/wp\/v2\/types\/page"}],"author":[{"embeddable":true,"href":"https:\/\/ooubrakamiladinovci.edu.mk\/sq\/wp-json\/wp\/v2\/users\/1"}],"replies":[{"embeddable":true,"href":"https:\/\/ooubrakamiladinovci.edu.mk\/sq\/wp-json\/wp\/v2\/comments?post=3409"}],"version-history":[{"count":21,"href":"https:\/\/ooubrakamiladinovci.edu.mk\/sq\/wp-json\/wp\/v2\/pages\/3409\/revisions"}],"predecessor-version":[{"id":4327,"href":"https:\/\/ooubrakamiladinovci.edu.mk\/sq\/wp-json\/wp\/v2\/pages\/3409\/revisions\/4327"}],"wp:attachment":[{"href":"https:\/\/ooubrakamiladinovci.edu.mk\/sq\/wp-json\/wp\/v2\/media?parent=3409"}],"curies":[{"name":"wp","href":"https:\/\/api.w.org\/{rel}","templated":true}]}}