{"id":3395,"date":"2024-02-02T10:56:58","date_gmt":"2024-02-02T09:56:58","guid":{"rendered":"https:\/\/ooubrakamiladinovci.edu.mk\/sq\/?page_id=3395"},"modified":"2024-05-28T11:03:31","modified_gmt":"2024-05-28T09:03:31","slug":"politika-e-privatesise","status":"publish","type":"page","link":"https:\/\/ooubrakamiladinovci.edu.mk\/sq\/politika-e-privatesise\/","title":{"rendered":"Politika e privat\u00ebsis\u00eb"},"content":{"rendered":"\t\t<div data-elementor-type=\"wp-page\" data-elementor-id=\"3395\" class=\"elementor elementor-3395\" data-elementor-post-type=\"page\">\n\t\t\t\t\t\t<section class=\"elementor-section elementor-top-section elementor-element elementor-element-ff26bd1 elementor-section-height-min-height elementor-section-boxed elementor-section-height-default elementor-section-items-middle\" data-id=\"ff26bd1\" data-element_type=\"section\" data-settings=\"{&quot;background_background&quot;:&quot;classic&quot;}\">\n\t\t\t\t\t\t\t<div class=\"elementor-background-overlay\"><\/div>\n\t\t\t\t\t\t\t<div class=\"elementor-container elementor-column-gap-default\">\n\t\t\t\t\t<div class=\"elementor-column elementor-col-100 elementor-top-column elementor-element elementor-element-e72937e\" data-id=\"e72937e\" data-element_type=\"column\">\n\t\t\t<div class=\"elementor-widget-wrap elementor-element-populated\">\n\t\t\t\t\t\t<div class=\"elementor-element elementor-element-57a73e1 elementor-widget elementor-widget-heading\" data-id=\"57a73e1\" data-element_type=\"widget\" data-widget_type=\"heading.default\">\n\t\t\t\t<div class=\"elementor-widget-container\">\n\t\t\t<style>\/*! elementor - v3.21.0 - 26-05-2024 *\/\n.elementor-heading-title{padding:0;margin:0;line-height:1}.elementor-widget-heading .elementor-heading-title[class*=elementor-size-]>a{color:inherit;font-size:inherit;line-height:inherit}.elementor-widget-heading .elementor-heading-title.elementor-size-small{font-size:15px}.elementor-widget-heading .elementor-heading-title.elementor-size-medium{font-size:19px}.elementor-widget-heading .elementor-heading-title.elementor-size-large{font-size:29px}.elementor-widget-heading .elementor-heading-title.elementor-size-xl{font-size:39px}.elementor-widget-heading .elementor-heading-title.elementor-size-xxl{font-size:59px}<\/style><h2 class=\"elementor-heading-title elementor-size-default\">Politika e privat\u00ebsis\u00eb<\/h2>\t\t<\/div>\n\t\t\t\t<\/div>\n\t\t\t\t<div class=\"elementor-element elementor-element-4178814 elementor-align-center elementor-widget elementor-widget-breadcrumbs\" data-id=\"4178814\" data-element_type=\"widget\" data-widget_type=\"breadcrumbs.default\">\n\t\t\t\t<div class=\"elementor-widget-container\">\n\t\t\t<link rel=\"stylesheet\" href=\"https:\/\/ooubrakamiladinovci.edu.mk\/sq\/wp-content\/plugins\/elementor-pro\/assets\/css\/widget-theme-elements.min.css\"><p id=\"breadcrumbs\"><span><span><a href=\"https:\/\/ooubrakamiladinovci.edu.mk\/sq\/\">Ballina<\/a><\/span><\/span><\/p>\t\t<\/div>\n\t\t\t\t<\/div>\n\t\t\t\t\t<\/div>\n\t\t<\/div>\n\t\t\t\t\t<\/div>\n\t\t<\/section>\n\t\t\t\t<section class=\"elementor-section elementor-top-section elementor-element elementor-element-b2b5e89 elementor-section-boxed elementor-section-height-default elementor-section-height-default\" data-id=\"b2b5e89\" data-element_type=\"section\">\n\t\t\t\t\t\t<div class=\"elementor-container elementor-column-gap-default\">\n\t\t\t\t\t<div class=\"elementor-column elementor-col-100 elementor-top-column elementor-element elementor-element-a96354d\" data-id=\"a96354d\" data-element_type=\"column\">\n\t\t\t<div class=\"elementor-widget-wrap elementor-element-populated\">\n\t\t\t\t\t\t<div class=\"elementor-element elementor-element-6251f41 elementor-widget elementor-widget-heading\" data-id=\"6251f41\" data-element_type=\"widget\" data-widget_type=\"heading.default\">\n\t\t\t\t<div class=\"elementor-widget-container\">\n\t\t\t<h2 class=\"elementor-heading-title elementor-size-default\">Politika e privat\u00ebsis\u00eb<\/h2>\t\t<\/div>\n\t\t\t\t<\/div>\n\t\t\t\t<div class=\"elementor-element elementor-element-2c55fcd elementor-widget elementor-widget-text-editor\" data-id=\"2c55fcd\" data-element_type=\"widget\" data-widget_type=\"text-editor.default\">\n\t\t\t\t<div class=\"elementor-widget-container\">\n\t\t\t<style>\/*! elementor - v3.21.0 - 26-05-2024 *\/\n.elementor-widget-text-editor.elementor-drop-cap-view-stacked .elementor-drop-cap{background-color:#69727d;color:#fff}.elementor-widget-text-editor.elementor-drop-cap-view-framed .elementor-drop-cap{color:#69727d;border:3px solid;background-color:transparent}.elementor-widget-text-editor:not(.elementor-drop-cap-view-default) .elementor-drop-cap{margin-top:8px}.elementor-widget-text-editor:not(.elementor-drop-cap-view-default) .elementor-drop-cap-letter{width:1em;height:1em}.elementor-widget-text-editor .elementor-drop-cap{float:left;text-align:center;line-height:1;font-size:50px}.elementor-widget-text-editor .elementor-drop-cap-letter{display:inline-block}<\/style>\t\t\t\t<p><strong>Kjo politik\u00eb e privat\u00ebsis\u00eb ofron informacion t\u00eb p\u00ebrgjithsh\u00ebm n\u00eb lidhje me p\u00ebrpunimin e t\u00eb dh\u00ebnave personale kur vizitoni faqen ton\u00eb t\u00eb internetit dhe\/ose p\u00ebrdorni ndonj\u00eb nga sh\u00ebrbimet tona administrative n\u00ebp\u00ebrmjet saj. Ne mbledhim vet\u00ebm ato t\u00eb dh\u00ebna personale q\u00eb jan\u00eb t\u00eb nevojshme p\u00ebr t\u00eb kryer detyrat dhe kompetencat tona ligjore.<\/strong><\/p><h3><strong>Kontrolluesi i Mbledhjeve t\u00eb t\u00eb Dh\u00ebnave Personale<\/strong><\/h3><p>Kontrollues i t\u00eb dh\u00ebnave personale \u00ebsht\u00eb ESHF &#8220;Vellezarit Miladinovci&#8221; \u2013 Strug\u00eb, me seli n\u00eb ul. \u201cJovo Stefanovski \u2013 Rile\u201d nr. 4, 6330 Strug\u00eb, Republika e Maqedonis\u00eb s\u00eb Veriut.<\/p><p>T\u00eb dh\u00ebnat personale p\u00ebrpunohen n\u00eb p\u00ebrputhje me dispozitat e Ligjit p\u00ebr Mbrojtjen e t\u00eb Dh\u00ebnave Personale.<\/p><h3>T\u00eb dh\u00ebnat e t\u00eb cilit mbledhim<\/h3><p>Ne mund t\u00eb mbledhim t\u00eb dh\u00ebna n\u00eb lidhje me kategorit\u00eb e m\u00ebposhtme t\u00eb personave:<\/p><ul><li><b>Vizitor\u00ebt e faqes son\u00eb <a href=\"http:\/\/www.ooubrakamiladinovci.edu.mk\">www.ooubrakamiladinovci.edu.mk<\/a>.<\/b>\u00a0 Zakonisht ne mbledhim t\u00eb dh\u00ebna navigimi (shih m\u00eb posht\u00eb) t\u00eb cilat p\u00ebrdoren p\u00ebr t\u00eb analizuar t\u00eb dh\u00ebnat nga vizitat n\u00eb faqen ton\u00eb t\u00eb internetit, si dhe p\u00ebr t\u00eb ruajtur sigurin\u00eb e informacionit t\u00eb faqes son\u00eb t\u00eb internetit. Lexoni m\u00eb shum\u00eb rreth p\u00ebrdorimit t\u00eb cookies n\u00eb politik\u00ebn ton\u00eb t\u00eb <a href=\"\/sq\/cookies\">cookie-ve<\/a>.<\/li><li><b>Aplikant\u00ebt dhe personat e tjer\u00eb fizik\u00eb n\u00eb lidhje me paraqitjen e k\u00ebrkesave, nismave p\u00ebr zbatimin e mbik\u00ebqyrjes.<\/b> K\u00ebto k\u00ebrkesa\/iniciativa p\u00ebrmbajn\u00eb informacion p\u00ebr identitetin e k\u00ebrkuesit dhe t\u00eb dh\u00ebna personale t\u00eb personave t\u00eb tjer\u00eb t\u00eb p\u00ebrfshir\u00eb n\u00eb k\u00ebrkes\u00eb, t\u00eb cilat jan\u00eb t\u00eb nevojshme p\u00ebr t\u00eb vepruar n\u00eb p\u00ebrputhje me kompetencat tona t\u00eb p\u00ebrcaktuara n\u00eb Ligjin p\u00ebr Mbrojtjen e t\u00eb Dh\u00ebnave Personale.\u00a0<\/li><li><b>Personat q\u00eb k\u00ebrkojn\u00eb qasje n\u00eb informacione publike bazuar n\u00eb Ligjin p\u00ebr Qasje t\u00eb Lir\u00eb n\u00eb Informata Publike.<\/b> P\u00ebr t\u00eb proceduar k\u00ebrkesat p\u00ebr qasje n\u00eb informata, k\u00ebrkuesit jan\u00eb t\u00eb detyruar t\u00eb ofrojn\u00eb t\u00eb dh\u00ebna t\u00eb caktuara, bazuar n\u00eb Ligjin p\u00ebr Qasje t\u00eb Lir\u00eb n\u00eb Informata Publike.<\/li><\/ul><h3>Kategorit\u00eb e t\u00eb dh\u00ebnave t\u00eb p\u00ebrpunuara<\/h3><h4>1. T\u00eb dh\u00ebnat q\u00eb p\u00ebrdoruesit paraqesin vullnetarisht.<\/h4><p>T\u00eb dh\u00ebnat personale q\u00eb ne mbledhim nga vizita juaj n\u00eb faqen ton\u00eb t\u00eb internetit jan\u00eb ato q\u00eb ju jepni vullnetarisht p\u00ebr q\u00ebllime specifike, n\u00eb m\u00ebnyr\u00eb q\u00eb t\u00eb na mund\u00ebsoni t\u00eb ushtrojm\u00eb kompetencat tona.<\/p><p>Ne mund t\u00eb mbledhim ndonj\u00eb nga kategorit\u00eb e m\u00ebposhtme t\u00eb t\u00eb dh\u00ebnave personale: emri dhe mbiemri, adresa, numri i telefonit t\u00eb kontaktit, emaili.<\/p><h4>2. Komentet q\u00eb p\u00ebrdoruesit paraqesin vullnetarisht<\/h4><p>Kur vizitor\u00ebt l\u00ebn\u00eb komente n\u00eb sajt, ne mbledhim t\u00eb dh\u00ebnat e shfaqura n\u00eb formularin e komenteve, si dhe adres\u00ebn IP t\u00eb vizitorit dhe vargun e agjentit t\u00eb p\u00ebrdoruesit t\u00eb shfletuesit p\u00ebr t\u00eb ndihmuar n\u00eb zbulimin e post\u00ebs s\u00eb pad\u00ebshiruar.<\/p><p>Nj\u00eb varg anonim i krijuar nga emaili juaj (i quajtur edhe hash) mund t&#8217;i ofrohet sh\u00ebrbimit Gravatar p\u00ebr t\u00eb par\u00eb n\u00ebse po e p\u00ebrdorni. Politika e privat\u00ebsis\u00eb s\u00eb sh\u00ebrbimit Gravatar \u00ebsht\u00eb e disponueshme k\u00ebtu:\u00a0<a href=\"https:\/\/automattic.com\/privac\">https:\/\/automattic.com\/privacy<\/a>. Pasi komenti juaj t\u00eb miratohet, fotografia juaj e profilit \u00ebsht\u00eb e dukshme p\u00ebr publikun n\u00eb kontekstin e komentit tuaj.<\/p><h4>3. P\u00ebrmbajtje e integruar nga faqet e internetit t\u00eb tjera<\/h4><p>Artikujt n\u00eb k\u00ebt\u00eb sajt mund t\u00eb p\u00ebrfshijn\u00eb p\u00ebrmbajtje t\u00eb integruar (p.sh. video, imazhe, artikuj, etj.). P\u00ebrmbajtja e integruar nga faqet e tjera t\u00eb internetit trajtohet n\u00eb t\u00eb nj\u00ebjt\u00ebn m\u00ebnyr\u00eb sikur vizitori t\u00eb kishte vizituar faqen tjet\u00ebr t\u00eb internetit. K\u00ebto faqe interneti mund t\u00eb mbledhin t\u00eb dh\u00ebna p\u00ebr ju, t\u00eb p\u00ebrdorin skedar\u00eb kuki, t\u00eb ngulitin gjurmime shtes\u00eb t\u00eb pal\u00ebve t\u00eb treta dhe t\u00eb gjurmojn\u00eb nd\u00ebrveprimin tuaj me at\u00eb p\u00ebrmbajtje t\u00eb integruar, duke p\u00ebrfshir\u00eb ndjekjen e nd\u00ebrveprimit tuaj me at\u00eb p\u00ebrmbajtje t\u00eb integruar n\u00ebse keni nj\u00eb llogari dhe jeni identifikuar n\u00eb sajtin e saj t\u00eb internetit.<\/p><h3>Si mbledhim t\u00eb dh\u00ebna personale<\/h3><p>Ne mbledhim t\u00eb dh\u00ebna personale p\u00ebrmes kanaleve t\u00eb ndryshme, duke p\u00ebrfshir\u00eb:<\/p><p>n\u00ebp\u00ebrmjet p\u00ebrdorimit tuaj t\u00eb faqes son\u00eb t\u00eb internetit, duke p\u00ebrfshir\u00eb k\u00ebtu formular\u00ebt e aplikimit;<\/p><ul><li>p\u00ebrmes emailit ton\u00eb: info@ooubrakamiladinovci.edu.mk<\/li><li>p\u00ebrmes post\u00ebs,<\/li><li>me faks,<\/li><li>me goj\u00eb.<\/li><\/ul><h3>Kategorit\u00eb e p\u00ebrdoruesve t\u00eb t\u00eb dh\u00ebnave personale<\/h3><p>Aktivitetet e p\u00ebrpunimit t\u00eb t\u00eb dh\u00ebnave personale n\u00eb lidhje me sh\u00ebrbimet online t\u00eb disponueshme p\u00ebrmes faqes son\u00eb t\u00eb internetit kryhen nga punonj\u00ebsit p\u00ebrgjegj\u00ebs p\u00ebr k\u00ebto sh\u00ebrbime ose personat e ngarkuar p\u00ebr kryerjen e aktiviteteve n\u00eb fjal\u00eb.<\/p><p>Ne nuk ndajm\u00eb t\u00eb dh\u00ebna p\u00ebr ju dhe\/ose vizit\u00ebn tuaj n\u00eb faqen ton\u00eb t\u00eb internetit pal\u00ebve t\u00eb treta, p\u00ebrve\u00e7 n\u00eb rastet e m\u00ebposhtme:<\/p><ul><li>n\u00eb rastin e pun\u00ebsimit t\u00eb ofruesve t\u00eb sh\u00ebrbimeve n\u00ebse i pun\u00ebsojm\u00eb si p\u00ebrpunues, gj\u00eb q\u00eb do t&#8217;i detyroj\u00eb ata t\u00eb veprojn\u00eb sipas udh\u00ebzimeve tona dhe t\u00eb sigurojn\u00eb mbrojtjen e t\u00eb dh\u00ebnave personale q\u00eb p\u00ebrpunohen gjat\u00eb ofrimit t\u00eb atyre sh\u00ebrbimeve;<\/li><li>Komentet e vizitor\u00ebve mund t\u00eb kontrollohen nga nj\u00eb sh\u00ebrbim i automatizuar i zbulimit t\u00eb spamit;<\/li><li>Me k\u00ebrkes\u00eb t\u00eb gjykat\u00ebs, policis\u00eb ose autoriteteve dhe organeve t\u00eb tjera p\u00ebr ushtrimin e kompetencave t\u00eb tyre dhe vet\u00ebm n\u00ebse p\u00ebr k\u00ebt\u00eb ekziston baza ligjore.<\/li><\/ul><h3>Koha e ruajtjes s\u00eb t\u00eb dh\u00ebnave t\u00eb mbledhura<\/h3><p>T\u00eb dh\u00ebnat q\u00eb mbledhim ruhen n\u00eb p\u00ebrputhje me ligjin dhe periudh\u00ebn e nevojshme p\u00ebr t\u00eb arritur q\u00ebllimin e p\u00ebrpunimit.<\/p><h3>Cilat jan\u00eb t\u00eb drejtat tuaja?<\/h3><p>T\u00eb drejtat tuaja n\u00eb lidhje me p\u00ebrpunimin e t\u00eb dh\u00ebnave personale jan\u00eb:<\/p><p>e drejta p\u00ebr t&#8217;u informuar p\u00ebr p\u00ebrpunimin e t\u00eb dh\u00ebnave personale<br \/>e drejta e aksesit n\u00eb t\u00eb dh\u00ebnat personale<br \/>e drejta p\u00ebr korrigjim dhe fshirje t\u00eb t\u00eb dh\u00ebnave personale<br \/>e drejta p\u00ebr t\u00eb kufizuar p\u00ebrpunimin e t\u00eb dh\u00ebnave personale<br \/>e drejta e kund\u00ebrshtimit<\/p><p>P\u00ebr informacion shtes\u00eb dhe\/ose ushtrim t\u00eb t\u00eb drejtave tuaja p\u00ebr mbrojtjen e t\u00eb dh\u00ebnave personale, mund t\u00eb kontaktoni zyrtarin ton\u00eb p\u00ebr mbrojtjen e t\u00eb dh\u00ebnave personale.<\/p><p>Ndryshimi i politik\u00ebs s\u00eb privat\u00ebsis\u00eb<\/p><p>Politika e privat\u00ebsis\u00eb do t\u00eb ndryshohet dhe plot\u00ebsohet rregullisht sipas ndryshimeve dhe aktiviteteve tona.<\/p>\t\t\t\t\t\t<\/div>\n\t\t\t\t<\/div>\n\t\t\t\t\t<\/div>\n\t\t<\/div>\n\t\t\t\t\t<\/div>\n\t\t<\/section>\n\t\t\t\t<\/div>\n\t\t","protected":false},"excerpt":{"rendered":"<p>Politika e privat\u00ebsis\u00eb Politika e privat\u00ebsis\u00eb Kjo politik\u00eb e privat\u00ebsis\u00eb ofron informacion t\u00eb p\u00ebrgjithsh\u00ebm n\u00eb lidhje me p\u00ebrpunimin e t\u00eb dh\u00ebnave personale kur vizitoni faqen ton\u00eb t\u00eb internetit dhe\/ose p\u00ebrdorni ndonj\u00eb nga sh\u00ebrbimet tona administrative n\u00ebp\u00ebrmjet saj. Ne mbledhim vet\u00ebm ato t\u00eb dh\u00ebna personale q\u00eb jan\u00eb t\u00eb nevojshme p\u00ebr t\u00eb kryer detyrat dhe kompetencat tona [&hellip;]<\/p>\n","protected":false},"author":1,"featured_media":0,"parent":0,"menu_order":0,"comment_status":"closed","ping_status":"closed","template":"","meta":{"site-sidebar-layout":"no-sidebar","site-content-layout":"page-builder","ast-site-content-layout":"full-width-container","site-content-style":"unboxed","site-sidebar-style":"unboxed","ast-global-header-display":"","ast-banner-title-visibility":"","ast-main-header-display":"","ast-hfb-above-header-display":"","ast-hfb-below-header-display":"","ast-hfb-mobile-header-display":"","site-post-title":"disabled","ast-breadcrumbs-content":"","ast-featured-img":"disabled","footer-sml-layout":"","theme-transparent-header-meta":"default","adv-header-id-meta":"","stick-header-meta":"","header-above-stick-meta":"","header-main-stick-meta":"","header-below-stick-meta":"","astra-migrate-meta-layouts":"set","ast-page-background-enabled":"default","ast-page-background-meta":{"desktop":{"background-color":"var(--ast-global-color-4)","background-image":"","background-repeat":"repeat","background-position":"center center","background-size":"auto","background-attachment":"scroll","background-type":"","background-media":"","overlay-type":"","overlay-color":"","overlay-opacity":"","overlay-gradient":""},"tablet":{"background-color":"","background-image":"","background-repeat":"repeat","background-position":"center center","background-size":"auto","background-attachment":"scroll","background-type":"","background-media":"","overlay-type":"","overlay-color":"","overlay-opacity":"","overlay-gradient":""},"mobile":{"background-color":"","background-image":"","background-repeat":"repeat","background-position":"center center","background-size":"auto","background-attachment":"scroll","background-type":"","background-media":"","overlay-type":"","overlay-color":"","overlay-opacity":"","overlay-gradient":""}},"ast-content-background-meta":{"desktop":{"background-color":"var(--ast-global-color-5)","background-image":"","background-repeat":"repeat","background-position":"center center","background-size":"auto","background-attachment":"scroll","background-type":"","background-media":"","overlay-type":"","overlay-color":"","overlay-opacity":"","overlay-gradient":""},"tablet":{"background-color":"var(--ast-global-color-5)","background-image":"","background-repeat":"repeat","background-position":"center center","background-size":"auto","background-attachment":"scroll","background-type":"","background-media":"","overlay-type":"","overlay-color":"","overlay-opacity":"","overlay-gradient":""},"mobile":{"background-color":"var(--ast-global-color-5)","background-image":"","background-repeat":"repeat","background-position":"center center","background-size":"auto","background-attachment":"scroll","background-type":"","background-media":"","overlay-type":"","overlay-color":"","overlay-opacity":"","overlay-gradient":""}},"footnotes":""},"class_list":["post-3395","page","type-page","status-publish","hentry"],"yoast_head":"<!-- This site is optimized with the Yoast SEO plugin v22.8 - https:\/\/yoast.com\/wordpress\/plugins\/seo\/ -->\n<title>Politika e privat\u00ebsis\u00eb - SHFK ,,V\u00ebllez\u00ebrit Milladinovci&quot; - Strug\u00eb<\/title>\n<meta name=\"robots\" content=\"noindex, follow, max-snippet:-1, max-image-preview:large, max-video-preview:-1\" \/>\n<meta property=\"og:locale\" content=\"en_US\" \/>\n<meta property=\"og:type\" content=\"article\" \/>\n<meta property=\"og:title\" content=\"Politika e privat\u00ebsis\u00eb - SHFK ,,V\u00ebllez\u00ebrit Milladinovci&quot; - Strug\u00eb\" \/>\n<meta property=\"og:description\" content=\"Politika e privat\u00ebsis\u00eb Politika e privat\u00ebsis\u00eb Kjo politik\u00eb e privat\u00ebsis\u00eb ofron informacion t\u00eb p\u00ebrgjithsh\u00ebm n\u00eb lidhje me p\u00ebrpunimin e t\u00eb dh\u00ebnave personale kur vizitoni faqen ton\u00eb t\u00eb internetit dhe\/ose p\u00ebrdorni ndonj\u00eb nga sh\u00ebrbimet tona administrative n\u00ebp\u00ebrmjet saj. Ne mbledhim vet\u00ebm ato t\u00eb dh\u00ebna personale q\u00eb jan\u00eb t\u00eb nevojshme p\u00ebr t\u00eb kryer detyrat dhe kompetencat tona [&hellip;]\" \/>\n<meta property=\"og:url\" content=\"https:\/\/ooubrakamiladinovci.edu.mk\/sq\/politika-e-privatesise\/\" \/>\n<meta property=\"og:site_name\" content=\"SHFK ,,V\u00ebllez\u00ebrit Milladinovci&quot; - Strug\u00eb\" \/>\n<meta property=\"article:modified_time\" content=\"2024-05-28T09:03:31+00:00\" \/>\n<meta name=\"twitter:card\" content=\"summary_large_image\" \/>\n<meta name=\"twitter:label1\" content=\"Est. reading time\" \/>\n\t<meta name=\"twitter:data1\" content=\"4 minutes\" \/>\n<script type=\"application\/ld+json\" class=\"yoast-schema-graph\">{\"@context\":\"https:\/\/schema.org\",\"@graph\":[{\"@type\":\"WebPage\",\"@id\":\"https:\/\/ooubrakamiladinovci.edu.mk\/sq\/politika-e-privatesise\/\",\"url\":\"https:\/\/ooubrakamiladinovci.edu.mk\/sq\/politika-e-privatesise\/\",\"name\":\"Politika e privat\u00ebsis\u00eb - SHFK ,,V\u00ebllez\u00ebrit Milladinovci\\\" - Strug\u00eb\",\"isPartOf\":{\"@id\":\"https:\/\/ooubrakamiladinovci.edu.mk\/sq\/#website\"},\"datePublished\":\"2024-02-02T09:56:58+00:00\",\"dateModified\":\"2024-05-28T09:03:31+00:00\",\"breadcrumb\":{\"@id\":\"https:\/\/ooubrakamiladinovci.edu.mk\/sq\/politika-e-privatesise\/#breadcrumb\"},\"inLanguage\":\"en-US\",\"potentialAction\":[{\"@type\":\"ReadAction\",\"target\":[\"https:\/\/ooubrakamiladinovci.edu.mk\/sq\/politika-e-privatesise\/\"]}]},{\"@type\":\"BreadcrumbList\",\"@id\":\"https:\/\/ooubrakamiladinovci.edu.mk\/sq\/politika-e-privatesise\/#breadcrumb\",\"itemListElement\":[{\"@type\":\"ListItem\",\"position\":1,\"name\":\"Ballina\",\"item\":\"https:\/\/ooubrakamiladinovci.edu.mk\/sq\/\"},{\"@type\":\"ListItem\",\"position\":2,\"name\":\"Politika e privat\u00ebsis\u00eb\"}]},{\"@type\":\"WebSite\",\"@id\":\"https:\/\/ooubrakamiladinovci.edu.mk\/sq\/#website\",\"url\":\"https:\/\/ooubrakamiladinovci.edu.mk\/sq\/\",\"name\":\"SHFK ,,V\u00ebllez\u00ebrit Milladinovci\\\" - Strug\u00eb\",\"description\":\"\u041e\u041e\u0423 \u201e\u0411\u0440\u0430\u045c\u0430 \u041c\u0438\u043b\u0430\u0434\u0438\u043d\u043e\u0432\u0446\u0438\u201c - \u0421\u0442\u0440\u0443\u0433\u0430\",\"potentialAction\":[{\"@type\":\"SearchAction\",\"target\":{\"@type\":\"EntryPoint\",\"urlTemplate\":\"https:\/\/ooubrakamiladinovci.edu.mk\/sq\/?s={search_term_string}\"},\"query-input\":\"required name=search_term_string\"}],\"inLanguage\":\"en-US\"}]}<\/script>\n<!-- \/ Yoast SEO plugin. -->","yoast_head_json":{"title":"Politika e privat\u00ebsis\u00eb - SHFK ,,V\u00ebllez\u00ebrit Milladinovci\" - Strug\u00eb","robots":{"index":"noindex","follow":"follow","max-snippet":"max-snippet:-1","max-image-preview":"max-image-preview:large","max-video-preview":"max-video-preview:-1"},"og_locale":"en_US","og_type":"article","og_title":"Politika e privat\u00ebsis\u00eb - SHFK ,,V\u00ebllez\u00ebrit Milladinovci\" - Strug\u00eb","og_description":"Politika e privat\u00ebsis\u00eb Politika e privat\u00ebsis\u00eb Kjo politik\u00eb e privat\u00ebsis\u00eb ofron informacion t\u00eb p\u00ebrgjithsh\u00ebm n\u00eb lidhje me p\u00ebrpunimin e t\u00eb dh\u00ebnave personale kur vizitoni faqen ton\u00eb t\u00eb internetit dhe\/ose p\u00ebrdorni ndonj\u00eb nga sh\u00ebrbimet tona administrative n\u00ebp\u00ebrmjet saj. Ne mbledhim vet\u00ebm ato t\u00eb dh\u00ebna personale q\u00eb jan\u00eb t\u00eb nevojshme p\u00ebr t\u00eb kryer detyrat dhe kompetencat tona [&hellip;]","og_url":"https:\/\/ooubrakamiladinovci.edu.mk\/sq\/politika-e-privatesise\/","og_site_name":"SHFK ,,V\u00ebllez\u00ebrit Milladinovci\" - Strug\u00eb","article_modified_time":"2024-05-28T09:03:31+00:00","twitter_card":"summary_large_image","twitter_misc":{"Est. reading time":"4 minutes"},"schema":{"@context":"https:\/\/schema.org","@graph":[{"@type":"WebPage","@id":"https:\/\/ooubrakamiladinovci.edu.mk\/sq\/politika-e-privatesise\/","url":"https:\/\/ooubrakamiladinovci.edu.mk\/sq\/politika-e-privatesise\/","name":"Politika e privat\u00ebsis\u00eb - SHFK ,,V\u00ebllez\u00ebrit Milladinovci\" - Strug\u00eb","isPartOf":{"@id":"https:\/\/ooubrakamiladinovci.edu.mk\/sq\/#website"},"datePublished":"2024-02-02T09:56:58+00:00","dateModified":"2024-05-28T09:03:31+00:00","breadcrumb":{"@id":"https:\/\/ooubrakamiladinovci.edu.mk\/sq\/politika-e-privatesise\/#breadcrumb"},"inLanguage":"en-US","potentialAction":[{"@type":"ReadAction","target":["https:\/\/ooubrakamiladinovci.edu.mk\/sq\/politika-e-privatesise\/"]}]},{"@type":"BreadcrumbList","@id":"https:\/\/ooubrakamiladinovci.edu.mk\/sq\/politika-e-privatesise\/#breadcrumb","itemListElement":[{"@type":"ListItem","position":1,"name":"Ballina","item":"https:\/\/ooubrakamiladinovci.edu.mk\/sq\/"},{"@type":"ListItem","position":2,"name":"Politika e privat\u00ebsis\u00eb"}]},{"@type":"WebSite","@id":"https:\/\/ooubrakamiladinovci.edu.mk\/sq\/#website","url":"https:\/\/ooubrakamiladinovci.edu.mk\/sq\/","name":"SHFK ,,V\u00ebllez\u00ebrit Milladinovci\" - Strug\u00eb","description":"\u041e\u041e\u0423 \u201e\u0411\u0440\u0430\u045c\u0430 \u041c\u0438\u043b\u0430\u0434\u0438\u043d\u043e\u0432\u0446\u0438\u201c - \u0421\u0442\u0440\u0443\u0433\u0430","potentialAction":[{"@type":"SearchAction","target":{"@type":"EntryPoint","urlTemplate":"https:\/\/ooubrakamiladinovci.edu.mk\/sq\/?s={search_term_string}"},"query-input":"required name=search_term_string"}],"inLanguage":"en-US"}]}},"_links":{"self":[{"href":"https:\/\/ooubrakamiladinovci.edu.mk\/sq\/wp-json\/wp\/v2\/pages\/3395","targetHints":{"allow":["GET"]}}],"collection":[{"href":"https:\/\/ooubrakamiladinovci.edu.mk\/sq\/wp-json\/wp\/v2\/pages"}],"about":[{"href":"https:\/\/ooubrakamiladinovci.edu.mk\/sq\/wp-json\/wp\/v2\/types\/page"}],"author":[{"embeddable":true,"href":"https:\/\/ooubrakamiladinovci.edu.mk\/sq\/wp-json\/wp\/v2\/users\/1"}],"replies":[{"embeddable":true,"href":"https:\/\/ooubrakamiladinovci.edu.mk\/sq\/wp-json\/wp\/v2\/comments?post=3395"}],"version-history":[{"count":35,"href":"https:\/\/ooubrakamiladinovci.edu.mk\/sq\/wp-json\/wp\/v2\/pages\/3395\/revisions"}],"predecessor-version":[{"id":4324,"href":"https:\/\/ooubrakamiladinovci.edu.mk\/sq\/wp-json\/wp\/v2\/pages\/3395\/revisions\/4324"}],"wp:attachment":[{"href":"https:\/\/ooubrakamiladinovci.edu.mk\/sq\/wp-json\/wp\/v2\/media?parent=3395"}],"curies":[{"name":"wp","href":"https:\/\/api.w.org\/{rel}","templated":true}]}}