{"id":3349,"date":"2024-02-01T14:37:00","date_gmt":"2024-02-01T13:37:00","guid":{"rendered":"https:\/\/ooubrakamiladinovci.edu.mk\/sq\/?page_id=3349"},"modified":"2024-05-23T14:59:02","modified_gmt":"2024-05-23T12:59:02","slug":"za-patronot","status":"publish","type":"page","link":"https:\/\/ooubrakamiladinovci.edu.mk\/sq\/za-patronot\/","title":{"rendered":"P\u00ebr patronatin"},"content":{"rendered":"\t\t<div data-elementor-type=\"wp-page\" data-elementor-id=\"3349\" class=\"elementor elementor-3349\" data-elementor-post-type=\"page\">\n\t\t\t\t\t\t<section class=\"elementor-section elementor-top-section elementor-element elementor-element-ff26bd1 elementor-section-height-min-height elementor-section-boxed elementor-section-height-default elementor-section-items-middle\" data-id=\"ff26bd1\" data-element_type=\"section\" data-settings=\"{&quot;background_background&quot;:&quot;classic&quot;}\">\n\t\t\t\t\t\t\t<div class=\"elementor-background-overlay\"><\/div>\n\t\t\t\t\t\t\t<div class=\"elementor-container elementor-column-gap-default\">\n\t\t\t\t\t<div class=\"elementor-column elementor-col-100 elementor-top-column elementor-element elementor-element-e72937e\" data-id=\"e72937e\" data-element_type=\"column\">\n\t\t\t<div class=\"elementor-widget-wrap elementor-element-populated\">\n\t\t\t\t\t\t<div class=\"elementor-element elementor-element-57a73e1 elementor-widget elementor-widget-heading\" data-id=\"57a73e1\" data-element_type=\"widget\" data-widget_type=\"heading.default\">\n\t\t\t\t<div class=\"elementor-widget-container\">\n\t\t\t<style>\/*! elementor - v3.21.0 - 26-05-2024 *\/\n.elementor-heading-title{padding:0;margin:0;line-height:1}.elementor-widget-heading .elementor-heading-title[class*=elementor-size-]>a{color:inherit;font-size:inherit;line-height:inherit}.elementor-widget-heading .elementor-heading-title.elementor-size-small{font-size:15px}.elementor-widget-heading .elementor-heading-title.elementor-size-medium{font-size:19px}.elementor-widget-heading .elementor-heading-title.elementor-size-large{font-size:29px}.elementor-widget-heading .elementor-heading-title.elementor-size-xl{font-size:39px}.elementor-widget-heading .elementor-heading-title.elementor-size-xxl{font-size:59px}<\/style><h2 class=\"elementor-heading-title elementor-size-default\">P\u00ebr patronatin<\/h2>\t\t<\/div>\n\t\t\t\t<\/div>\n\t\t\t\t<div class=\"elementor-element elementor-element-4178814 elementor-align-center elementor-widget elementor-widget-breadcrumbs\" data-id=\"4178814\" data-element_type=\"widget\" data-widget_type=\"breadcrumbs.default\">\n\t\t\t\t<div class=\"elementor-widget-container\">\n\t\t\t<link rel=\"stylesheet\" href=\"https:\/\/ooubrakamiladinovci.edu.mk\/sq\/wp-content\/plugins\/elementor-pro\/assets\/css\/widget-theme-elements.min.css\"><p id=\"breadcrumbs\"><span><span><a href=\"https:\/\/ooubrakamiladinovci.edu.mk\/sq\/\">Ballina<\/a><\/span><\/span><\/p>\t\t<\/div>\n\t\t\t\t<\/div>\n\t\t\t\t\t<\/div>\n\t\t<\/div>\n\t\t\t\t\t<\/div>\n\t\t<\/section>\n\t\t\t\t<section class=\"elementor-section elementor-top-section elementor-element elementor-element-b2b5e89 elementor-section-boxed elementor-section-height-default elementor-section-height-default\" data-id=\"b2b5e89\" data-element_type=\"section\">\n\t\t\t\t\t\t<div class=\"elementor-container elementor-column-gap-default\">\n\t\t\t\t\t<div class=\"elementor-column elementor-col-100 elementor-top-column elementor-element elementor-element-a96354d\" data-id=\"a96354d\" data-element_type=\"column\">\n\t\t\t<div class=\"elementor-widget-wrap elementor-element-populated\">\n\t\t\t\t\t\t<div class=\"elementor-element elementor-element-6251f41 elementor-widget elementor-widget-heading\" data-id=\"6251f41\" data-element_type=\"widget\" data-widget_type=\"heading.default\">\n\t\t\t\t<div class=\"elementor-widget-container\">\n\t\t\t<h2 class=\"elementor-heading-title elementor-size-default\">Dimitar dhe Konstantin Milladinovci<\/h2>\t\t<\/div>\n\t\t\t\t<\/div>\n\t\t\t\t<div class=\"elementor-element elementor-element-2c55fcd elementor-widget elementor-widget-text-editor\" data-id=\"2c55fcd\" data-element_type=\"widget\" data-widget_type=\"text-editor.default\">\n\t\t\t\t<div class=\"elementor-widget-container\">\n\t\t\t<style>\/*! elementor - v3.21.0 - 26-05-2024 *\/\n.elementor-widget-text-editor.elementor-drop-cap-view-stacked .elementor-drop-cap{background-color:#69727d;color:#fff}.elementor-widget-text-editor.elementor-drop-cap-view-framed .elementor-drop-cap{color:#69727d;border:3px solid;background-color:transparent}.elementor-widget-text-editor:not(.elementor-drop-cap-view-default) .elementor-drop-cap{margin-top:8px}.elementor-widget-text-editor:not(.elementor-drop-cap-view-default) .elementor-drop-cap-letter{width:1em;height:1em}.elementor-widget-text-editor .elementor-drop-cap{float:left;text-align:center;line-height:1;font-size:50px}.elementor-widget-text-editor .elementor-drop-cap-letter{display:inline-block}<\/style>\t\t\t\t<p>V\u00ebllez\u00ebrit Dimitar (Strug\u00eb, 1810 \u2013 Kostandinopoj\u00eb, 23 janar 1862) dhe Kostandin (Strug\u00eb, 1830 \u2013 Kostandinopoj\u00eb, 18 janar 1862) Milladinovci, jan\u00eb themeluesit e ringjalljes komb\u00ebtare n\u00eb Maqedoni nga mesi i shekullit t\u00eb 19-t\u00eb. Ata lind\u00ebn n\u00eb nj\u00eb familje me tet\u00eb f\u00ebmij\u00eb nga po\u00e7ari Riste dhe gruaja e tij Sulltana. Shkoll\u00ebn fillore e mbaruan n\u00eb Strug\u00eb, kurse t\u00eb mesmen n\u00eb Janin\u00eb, Greqia e sotme. Me diplom\u00ebn e m\u00ebsuesit, v\u00ebllez\u00ebrit u kthyen n\u00eb krahin\u00ebn e tyre t\u00eb lindjes. Ata jan\u00eb t\u00eb angazhuar n\u00eb mbledhjen dhe regjistrimin e k\u00ebng\u00ebve popullore maqedonase dhe kompozimeve t\u00eb tjera. P\u00ebr shkak t\u00eb p\u00ebrplasjeve me grek\u00ebt, Dimitari u largua nga Manastiri, por n\u00eb fund t\u00eb vitit 1856 kthehet n\u00eb Strug\u00eb dhe e d\u00ebrgon Konstantinin n\u00eb Mosk\u00eb p\u00ebr t\u00eb studiuar filologji sllave. Gjat\u00eb p\u00ebrgatitjes s\u00eb P\u00ebrmbledhjes, vet\u00eb Kostandini fillon t\u00eb shkruaj\u00eb poezi. Krijimi i tij poetik, edhe pse modest (vet\u00ebm 15 poezi), e vendos n\u00eb piedestalin e let\u00ebrsis\u00eb s\u00eb re maqedonase si themelues i poezis\u00eb artistike maqedonase. Me k\u00ebng\u00ebn &#8220;T&#8217;ga za yug&#8221;, e cila num\u00ebron 70 interpretime n\u00eb 42 gjuh\u00eb, \u00e7do vit hapen mbr\u00ebmjet strugane t\u00eb poezis\u00eb. N\u00eb vitin 1859, Kostandini u s\u00ebmur nga tuberkulozi dhe u largua p\u00ebr n\u00eb sht\u00ebpi. Meq\u00eb ra fjala, ai takohet me peshkopin kroat Josip Juraj Strosmeier i cili pranon t\u00eb financoj\u00eb shtypjen e Procedurave.<\/p><p>P\u00ebr nder t\u00eb v\u00ebllez\u00ebrve Milladinovci, sht\u00ebpia e tyre e lindjes n\u00eb Strug\u00eb \u00ebsht\u00eb kthyer n\u00eb sht\u00ebpi p\u00ebrkujtimore.<\/p>\t\t\t\t\t\t<\/div>\n\t\t\t\t<\/div>\n\t\t\t\t<section class=\"elementor-section elementor-inner-section elementor-element elementor-element-f6b48c4 elementor-section-boxed elementor-section-height-default elementor-section-height-default\" data-id=\"f6b48c4\" data-element_type=\"section\">\n\t\t\t\t\t\t<div class=\"elementor-container elementor-column-gap-default\">\n\t\t\t\t\t<div class=\"elementor-column elementor-col-33 elementor-inner-column elementor-element elementor-element-793af90\" data-id=\"793af90\" data-element_type=\"column\">\n\t\t\t<div class=\"elementor-widget-wrap elementor-element-populated\">\n\t\t\t\t\t\t<div class=\"elementor-element elementor-element-275dce8 elementor-widget elementor-widget-image\" data-id=\"275dce8\" data-element_type=\"widget\" data-widget_type=\"image.default\">\n\t\t\t\t<div class=\"elementor-widget-container\">\n\t\t\t<style>\/*! elementor - v3.21.0 - 26-05-2024 *\/\n.elementor-widget-image{text-align:center}.elementor-widget-image a{display:inline-block}.elementor-widget-image a img[src$=\".svg\"]{width:48px}.elementor-widget-image img{vertical-align:middle;display:inline-block}<\/style>\t\t\t\t\t\t\t\t\t\t<img fetchpriority=\"high\" decoding=\"async\" width=\"1024\" height=\"641\" src=\"https:\/\/ooubrakamiladinovci.edu.mk\/sq\/wp-content\/uploads\/sites\/3\/2024\/02\/braka-miladinovci-1024x641.jpg\" class=\"attachment-large size-large wp-image-3350\" alt=\"\" srcset=\"https:\/\/ooubrakamiladinovci.edu.mk\/sq\/wp-content\/uploads\/sites\/3\/2024\/02\/braka-miladinovci-1024x641.jpg 1024w, https:\/\/ooubrakamiladinovci.edu.mk\/sq\/wp-content\/uploads\/sites\/3\/2024\/02\/braka-miladinovci-300x188.jpg 300w, https:\/\/ooubrakamiladinovci.edu.mk\/sq\/wp-content\/uploads\/sites\/3\/2024\/02\/braka-miladinovci-768x480.jpg 768w, https:\/\/ooubrakamiladinovci.edu.mk\/sq\/wp-content\/uploads\/sites\/3\/2024\/02\/braka-miladinovci.jpg 1119w\" sizes=\"(max-width: 1024px) 100vw, 1024px\" \/>\t\t\t\t\t\t\t\t\t\t\t\t\t<\/div>\n\t\t\t\t<\/div>\n\t\t\t\t\t<\/div>\n\t\t<\/div>\n\t\t\t\t<div class=\"elementor-column elementor-col-33 elementor-inner-column elementor-element elementor-element-ca30939\" data-id=\"ca30939\" data-element_type=\"column\">\n\t\t\t<div class=\"elementor-widget-wrap elementor-element-populated\">\n\t\t\t\t\t\t<div class=\"elementor-element elementor-element-de1c632 elementor-widget elementor-widget-image\" data-id=\"de1c632\" data-element_type=\"widget\" data-widget_type=\"image.default\">\n\t\t\t\t<div class=\"elementor-widget-container\">\n\t\t\t\t\t\t\t\t\t\t\t\t\t<img decoding=\"async\" width=\"225\" height=\"300\" src=\"https:\/\/ooubrakamiladinovci.edu.mk\/sq\/wp-content\/uploads\/sites\/3\/2024\/02\/braka-miladinovci-2.jpg\" class=\"attachment-large size-large wp-image-3353\" alt=\"\" \/>\t\t\t\t\t\t\t\t\t\t\t\t\t<\/div>\n\t\t\t\t<\/div>\n\t\t\t\t\t<\/div>\n\t\t<\/div>\n\t\t\t\t<div class=\"elementor-column elementor-col-33 elementor-inner-column elementor-element elementor-element-d02aaa1\" data-id=\"d02aaa1\" data-element_type=\"column\">\n\t\t\t<div class=\"elementor-widget-wrap elementor-element-populated\">\n\t\t\t\t\t\t<div class=\"elementor-element elementor-element-3573822 elementor-widget elementor-widget-image\" data-id=\"3573822\" data-element_type=\"widget\" data-widget_type=\"image.default\">\n\t\t\t\t<div class=\"elementor-widget-container\">\n\t\t\t\t\t\t\t\t\t\t\t\t\t<img decoding=\"async\" width=\"300\" height=\"225\" src=\"https:\/\/ooubrakamiladinovci.edu.mk\/sq\/wp-content\/uploads\/sites\/3\/2024\/02\/braka-miladinovci-house.jpg\" class=\"attachment-large size-large wp-image-3354\" alt=\"\" \/>\t\t\t\t\t\t\t\t\t\t\t\t\t<\/div>\n\t\t\t\t<\/div>\n\t\t\t\t\t<\/div>\n\t\t<\/div>\n\t\t\t\t\t<\/div>\n\t\t<\/section>\n\t\t\t\t\t<\/div>\n\t\t<\/div>\n\t\t\t\t\t<\/div>\n\t\t<\/section>\n\t\t\t\t<\/div>\n\t\t","protected":false},"excerpt":{"rendered":"<p>P\u00ebr patronatin Dimitar dhe Konstantin Milladinovci V\u00ebllez\u00ebrit Dimitar (Strug\u00eb, 1810 \u2013 Kostandinopoj\u00eb, 23 janar 1862) dhe Kostandin (Strug\u00eb, 1830 \u2013 Kostandinopoj\u00eb, 18 janar 1862) Milladinovci, jan\u00eb themeluesit e ringjalljes komb\u00ebtare n\u00eb Maqedoni nga mesi i shekullit t\u00eb 19-t\u00eb. Ata lind\u00ebn n\u00eb nj\u00eb familje me tet\u00eb f\u00ebmij\u00eb nga po\u00e7ari Riste dhe gruaja e tij Sulltana. Shkoll\u00ebn [&hellip;]<\/p>\n","protected":false},"author":1,"featured_media":3350,"parent":0,"menu_order":0,"comment_status":"closed","ping_status":"closed","template":"","meta":{"site-sidebar-layout":"no-sidebar","site-content-layout":"page-builder","ast-site-content-layout":"full-width-container","site-content-style":"unboxed","site-sidebar-style":"unboxed","ast-global-header-display":"","ast-banner-title-visibility":"","ast-main-header-display":"","ast-hfb-above-header-display":"","ast-hfb-below-header-display":"","ast-hfb-mobile-header-display":"","site-post-title":"disabled","ast-breadcrumbs-content":"","ast-featured-img":"disabled","footer-sml-layout":"","theme-transparent-header-meta":"default","adv-header-id-meta":"","stick-header-meta":"","header-above-stick-meta":"","header-main-stick-meta":"","header-below-stick-meta":"","astra-migrate-meta-layouts":"set","ast-page-background-enabled":"default","ast-page-background-meta":{"desktop":{"background-color":"var(--ast-global-color-4)","background-image":"","background-repeat":"repeat","background-position":"center center","background-size":"auto","background-attachment":"scroll","background-type":"","background-media":"","overlay-type":"","overlay-color":"","overlay-opacity":"","overlay-gradient":""},"tablet":{"background-color":"","background-image":"","background-repeat":"repeat","background-position":"center center","background-size":"auto","background-attachment":"scroll","background-type":"","background-media":"","overlay-type":"","overlay-color":"","overlay-opacity":"","overlay-gradient":""},"mobile":{"background-color":"","background-image":"","background-repeat":"repeat","background-position":"center center","background-size":"auto","background-attachment":"scroll","background-type":"","background-media":"","overlay-type":"","overlay-color":"","overlay-opacity":"","overlay-gradient":""}},"ast-content-background-meta":{"desktop":{"background-color":"var(--ast-global-color-5)","background-image":"","background-repeat":"repeat","background-position":"center center","background-size":"auto","background-attachment":"scroll","background-type":"","background-media":"","overlay-type":"","overlay-color":"","overlay-opacity":"","overlay-gradient":""},"tablet":{"background-color":"var(--ast-global-color-5)","background-image":"","background-repeat":"repeat","background-position":"center center","background-size":"auto","background-attachment":"scroll","background-type":"","background-media":"","overlay-type":"","overlay-color":"","overlay-opacity":"","overlay-gradient":""},"mobile":{"background-color":"var(--ast-global-color-5)","background-image":"","background-repeat":"repeat","background-position":"center center","background-size":"auto","background-attachment":"scroll","background-type":"","background-media":"","overlay-type":"","overlay-color":"","overlay-opacity":"","overlay-gradient":""}},"footnotes":""},"class_list":["post-3349","page","type-page","status-publish","has-post-thumbnail","hentry"],"yoast_head":"<!-- This site is optimized with the Yoast SEO plugin v22.8 - https:\/\/yoast.com\/wordpress\/plugins\/seo\/ -->\n<title>P\u00ebr patronatin - SHFK ,,V\u00ebllez\u00ebrit Milladinovci&quot; - Strug\u00eb<\/title>\n<meta name=\"robots\" content=\"noindex, follow, max-snippet:-1, max-image-preview:large, max-video-preview:-1\" \/>\n<meta property=\"og:locale\" content=\"en_US\" \/>\n<meta property=\"og:type\" content=\"article\" \/>\n<meta property=\"og:title\" content=\"P\u00ebr patronatin - SHFK ,,V\u00ebllez\u00ebrit Milladinovci&quot; - Strug\u00eb\" \/>\n<meta property=\"og:description\" content=\"P\u00ebr patronatin Dimitar dhe Konstantin Milladinovci V\u00ebllez\u00ebrit Dimitar (Strug\u00eb, 1810 \u2013 Kostandinopoj\u00eb, 23 janar 1862) dhe Kostandin (Strug\u00eb, 1830 \u2013 Kostandinopoj\u00eb, 18 janar 1862) Milladinovci, jan\u00eb themeluesit e ringjalljes komb\u00ebtare n\u00eb Maqedoni nga mesi i shekullit t\u00eb 19-t\u00eb. Ata lind\u00ebn n\u00eb nj\u00eb familje me tet\u00eb f\u00ebmij\u00eb nga po\u00e7ari Riste dhe gruaja e tij Sulltana. Shkoll\u00ebn [&hellip;]\" \/>\n<meta property=\"og:url\" content=\"https:\/\/ooubrakamiladinovci.edu.mk\/sq\/za-patronot\/\" \/>\n<meta property=\"og:site_name\" content=\"SHFK ,,V\u00ebllez\u00ebrit Milladinovci&quot; - Strug\u00eb\" \/>\n<meta property=\"article:modified_time\" content=\"2024-05-23T12:59:02+00:00\" \/>\n<meta property=\"og:image\" content=\"https:\/\/ooubrakamiladinovci.edu.mk\/sq\/wp-content\/uploads\/sites\/3\/2024\/02\/braka-miladinovci.jpg\" \/>\n\t<meta property=\"og:image:width\" content=\"1119\" \/>\n\t<meta property=\"og:image:height\" content=\"700\" \/>\n\t<meta property=\"og:image:type\" content=\"image\/jpeg\" \/>\n<meta name=\"twitter:card\" content=\"summary_large_image\" \/>\n<meta name=\"twitter:label1\" content=\"Est. reading time\" \/>\n\t<meta name=\"twitter:data1\" content=\"2 minutes\" \/>\n<script type=\"application\/ld+json\" class=\"yoast-schema-graph\">{\"@context\":\"https:\/\/schema.org\",\"@graph\":[{\"@type\":\"WebPage\",\"@id\":\"https:\/\/ooubrakamiladinovci.edu.mk\/sq\/za-patronot\/\",\"url\":\"https:\/\/ooubrakamiladinovci.edu.mk\/sq\/za-patronot\/\",\"name\":\"P\u00ebr patronatin - SHFK ,,V\u00ebllez\u00ebrit Milladinovci\\\" - Strug\u00eb\",\"isPartOf\":{\"@id\":\"https:\/\/ooubrakamiladinovci.edu.mk\/sq\/#website\"},\"primaryImageOfPage\":{\"@id\":\"https:\/\/ooubrakamiladinovci.edu.mk\/sq\/za-patronot\/#primaryimage\"},\"image\":{\"@id\":\"https:\/\/ooubrakamiladinovci.edu.mk\/sq\/za-patronot\/#primaryimage\"},\"thumbnailUrl\":\"https:\/\/ooubrakamiladinovci.edu.mk\/sq\/wp-content\/uploads\/sites\/3\/2024\/02\/braka-miladinovci.jpg\",\"datePublished\":\"2024-02-01T13:37:00+00:00\",\"dateModified\":\"2024-05-23T12:59:02+00:00\",\"breadcrumb\":{\"@id\":\"https:\/\/ooubrakamiladinovci.edu.mk\/sq\/za-patronot\/#breadcrumb\"},\"inLanguage\":\"en-US\",\"potentialAction\":[{\"@type\":\"ReadAction\",\"target\":[\"https:\/\/ooubrakamiladinovci.edu.mk\/sq\/za-patronot\/\"]}]},{\"@type\":\"ImageObject\",\"inLanguage\":\"en-US\",\"@id\":\"https:\/\/ooubrakamiladinovci.edu.mk\/sq\/za-patronot\/#primaryimage\",\"url\":\"https:\/\/ooubrakamiladinovci.edu.mk\/sq\/wp-content\/uploads\/sites\/3\/2024\/02\/braka-miladinovci.jpg\",\"contentUrl\":\"https:\/\/ooubrakamiladinovci.edu.mk\/sq\/wp-content\/uploads\/sites\/3\/2024\/02\/braka-miladinovci.jpg\",\"width\":1119,\"height\":700},{\"@type\":\"BreadcrumbList\",\"@id\":\"https:\/\/ooubrakamiladinovci.edu.mk\/sq\/za-patronot\/#breadcrumb\",\"itemListElement\":[{\"@type\":\"ListItem\",\"position\":1,\"name\":\"Ballina\",\"item\":\"https:\/\/ooubrakamiladinovci.edu.mk\/sq\/\"},{\"@type\":\"ListItem\",\"position\":2,\"name\":\"P\u00ebr patronatin\"}]},{\"@type\":\"WebSite\",\"@id\":\"https:\/\/ooubrakamiladinovci.edu.mk\/sq\/#website\",\"url\":\"https:\/\/ooubrakamiladinovci.edu.mk\/sq\/\",\"name\":\"SHFK ,,V\u00ebllez\u00ebrit Milladinovci\\\" - Strug\u00eb\",\"description\":\"\u041e\u041e\u0423 \u201e\u0411\u0440\u0430\u045c\u0430 \u041c\u0438\u043b\u0430\u0434\u0438\u043d\u043e\u0432\u0446\u0438\u201c - \u0421\u0442\u0440\u0443\u0433\u0430\",\"potentialAction\":[{\"@type\":\"SearchAction\",\"target\":{\"@type\":\"EntryPoint\",\"urlTemplate\":\"https:\/\/ooubrakamiladinovci.edu.mk\/sq\/?s={search_term_string}\"},\"query-input\":\"required name=search_term_string\"}],\"inLanguage\":\"en-US\"}]}<\/script>\n<!-- \/ Yoast SEO plugin. -->","yoast_head_json":{"title":"P\u00ebr patronatin - SHFK ,,V\u00ebllez\u00ebrit Milladinovci\" - Strug\u00eb","robots":{"index":"noindex","follow":"follow","max-snippet":"max-snippet:-1","max-image-preview":"max-image-preview:large","max-video-preview":"max-video-preview:-1"},"og_locale":"en_US","og_type":"article","og_title":"P\u00ebr patronatin - SHFK ,,V\u00ebllez\u00ebrit Milladinovci\" - Strug\u00eb","og_description":"P\u00ebr patronatin Dimitar dhe Konstantin Milladinovci V\u00ebllez\u00ebrit Dimitar (Strug\u00eb, 1810 \u2013 Kostandinopoj\u00eb, 23 janar 1862) dhe Kostandin (Strug\u00eb, 1830 \u2013 Kostandinopoj\u00eb, 18 janar 1862) Milladinovci, jan\u00eb themeluesit e ringjalljes komb\u00ebtare n\u00eb Maqedoni nga mesi i shekullit t\u00eb 19-t\u00eb. Ata lind\u00ebn n\u00eb nj\u00eb familje me tet\u00eb f\u00ebmij\u00eb nga po\u00e7ari Riste dhe gruaja e tij Sulltana. Shkoll\u00ebn [&hellip;]","og_url":"https:\/\/ooubrakamiladinovci.edu.mk\/sq\/za-patronot\/","og_site_name":"SHFK ,,V\u00ebllez\u00ebrit Milladinovci\" - Strug\u00eb","article_modified_time":"2024-05-23T12:59:02+00:00","og_image":[{"width":1119,"height":700,"url":"https:\/\/ooubrakamiladinovci.edu.mk\/sq\/wp-content\/uploads\/sites\/3\/2024\/02\/braka-miladinovci.jpg","type":"image\/jpeg"}],"twitter_card":"summary_large_image","twitter_misc":{"Est. reading time":"2 minutes"},"schema":{"@context":"https:\/\/schema.org","@graph":[{"@type":"WebPage","@id":"https:\/\/ooubrakamiladinovci.edu.mk\/sq\/za-patronot\/","url":"https:\/\/ooubrakamiladinovci.edu.mk\/sq\/za-patronot\/","name":"P\u00ebr patronatin - SHFK ,,V\u00ebllez\u00ebrit Milladinovci\" - Strug\u00eb","isPartOf":{"@id":"https:\/\/ooubrakamiladinovci.edu.mk\/sq\/#website"},"primaryImageOfPage":{"@id":"https:\/\/ooubrakamiladinovci.edu.mk\/sq\/za-patronot\/#primaryimage"},"image":{"@id":"https:\/\/ooubrakamiladinovci.edu.mk\/sq\/za-patronot\/#primaryimage"},"thumbnailUrl":"https:\/\/ooubrakamiladinovci.edu.mk\/sq\/wp-content\/uploads\/sites\/3\/2024\/02\/braka-miladinovci.jpg","datePublished":"2024-02-01T13:37:00+00:00","dateModified":"2024-05-23T12:59:02+00:00","breadcrumb":{"@id":"https:\/\/ooubrakamiladinovci.edu.mk\/sq\/za-patronot\/#breadcrumb"},"inLanguage":"en-US","potentialAction":[{"@type":"ReadAction","target":["https:\/\/ooubrakamiladinovci.edu.mk\/sq\/za-patronot\/"]}]},{"@type":"ImageObject","inLanguage":"en-US","@id":"https:\/\/ooubrakamiladinovci.edu.mk\/sq\/za-patronot\/#primaryimage","url":"https:\/\/ooubrakamiladinovci.edu.mk\/sq\/wp-content\/uploads\/sites\/3\/2024\/02\/braka-miladinovci.jpg","contentUrl":"https:\/\/ooubrakamiladinovci.edu.mk\/sq\/wp-content\/uploads\/sites\/3\/2024\/02\/braka-miladinovci.jpg","width":1119,"height":700},{"@type":"BreadcrumbList","@id":"https:\/\/ooubrakamiladinovci.edu.mk\/sq\/za-patronot\/#breadcrumb","itemListElement":[{"@type":"ListItem","position":1,"name":"Ballina","item":"https:\/\/ooubrakamiladinovci.edu.mk\/sq\/"},{"@type":"ListItem","position":2,"name":"P\u00ebr patronatin"}]},{"@type":"WebSite","@id":"https:\/\/ooubrakamiladinovci.edu.mk\/sq\/#website","url":"https:\/\/ooubrakamiladinovci.edu.mk\/sq\/","name":"SHFK ,,V\u00ebllez\u00ebrit Milladinovci\" - Strug\u00eb","description":"\u041e\u041e\u0423 \u201e\u0411\u0440\u0430\u045c\u0430 \u041c\u0438\u043b\u0430\u0434\u0438\u043d\u043e\u0432\u0446\u0438\u201c - \u0421\u0442\u0440\u0443\u0433\u0430","potentialAction":[{"@type":"SearchAction","target":{"@type":"EntryPoint","urlTemplate":"https:\/\/ooubrakamiladinovci.edu.mk\/sq\/?s={search_term_string}"},"query-input":"required name=search_term_string"}],"inLanguage":"en-US"}]}},"_links":{"self":[{"href":"https:\/\/ooubrakamiladinovci.edu.mk\/sq\/wp-json\/wp\/v2\/pages\/3349","targetHints":{"allow":["GET"]}}],"collection":[{"href":"https:\/\/ooubrakamiladinovci.edu.mk\/sq\/wp-json\/wp\/v2\/pages"}],"about":[{"href":"https:\/\/ooubrakamiladinovci.edu.mk\/sq\/wp-json\/wp\/v2\/types\/page"}],"author":[{"embeddable":true,"href":"https:\/\/ooubrakamiladinovci.edu.mk\/sq\/wp-json\/wp\/v2\/users\/1"}],"replies":[{"embeddable":true,"href":"https:\/\/ooubrakamiladinovci.edu.mk\/sq\/wp-json\/wp\/v2\/comments?post=3349"}],"version-history":[{"count":21,"href":"https:\/\/ooubrakamiladinovci.edu.mk\/sq\/wp-json\/wp\/v2\/pages\/3349\/revisions"}],"predecessor-version":[{"id":4259,"href":"https:\/\/ooubrakamiladinovci.edu.mk\/sq\/wp-json\/wp\/v2\/pages\/3349\/revisions\/4259"}],"wp:featuredmedia":[{"embeddable":true,"href":"https:\/\/ooubrakamiladinovci.edu.mk\/sq\/wp-json\/wp\/v2\/media\/3350"}],"wp:attachment":[{"href":"https:\/\/ooubrakamiladinovci.edu.mk\/sq\/wp-json\/wp\/v2\/media?parent=3349"}],"curies":[{"name":"wp","href":"https:\/\/api.w.org\/{rel}","templated":true}]}}